{"id":157,"date":"2023-02-16T10:21:47","date_gmt":"2023-02-16T09:21:47","guid":{"rendered":"https:\/\/barista-buddy.com\/?page_id=157"},"modified":"2024-05-06T14:16:17","modified_gmt":"2024-05-06T12:16:17","slug":"versandkosten","status":"publish","type":"page","link":"https:\/\/barista-buddy.com\/en\/versandkosten\/","title":{"rendered":"Shipping costs"},"content":{"rendered":"<h2 class=\"wp-block-heading\">Versandkosten per DPD (unser Standardversand)<\/h2>\n\n\n\n<p><strong>Versandkostenfrei innerhalb Deutschland und Luxemburg ab einem Warenwert von 49,-\u20ac<\/strong><\/p>\n\n\n\n<p><strong>Versandgewicht bis 2,5 kg:<\/strong><br>Deutschland: 8,20 \u20ac<br>Luxemburg: 8,20 \u20ac<br>Belgien: 15,10 \u20ac<br>Niederlande: 15,10 \u20ac (Inselzuschlag: 13,50 \u20ac)<br>\u00d6sterreich: 15,10 \u20ac<br>Schweiz: 17,35 \u20ac<br>Lichtenstein: 17,35 \u20ac<br>D\u00e4nemark: 17,35 \u20ac (Inselzuschlag: 24,89 \u20ac)<br>Spanien: 27,15 \u20ac (Inselzuschlag: 29,30 \u20ac)<br>Gro\u00dfbritannien: 19,80 \u20ac (Inselzuschlag: 28,00 \u20ac)<br>Frankreich: 19,80 \u20ac (Inselzuschlag: 34,90 \u20ac)<br>Griechenland: 49,00 \u20ac (Inselzuschlag: 20,60 \u20ac)<br>Italien: 23,05 \u20ac (Inselzuschlag: 30,80 \u20ac)<br>Irland: 27,15 \u20ac<br>Portugal: 27,15 \u20ac (Inselzuschlag: 46,90 \u20ac)<\/p>\n\n\n\n<p><strong>Versandgewicht 2,5 bis 30 kg:<\/strong><br>Deutschland: 12,80 \u20ac<br>Luxemburg: 12,80 \u20ac<br>Belgien: 25,70 \u20ac<br>Niederlande: 25,70 \u20ac (Inselzuschlag: 13,50 \u20ac)<br>\u00d6sterreich: 25,70 \u20ac<br>Schweiz: 28,90 \u20ac<br>Lichtenstein: 28,90 \u20ac<br>D\u00e4nemark: 28,90 \u20ac (Inselzuschlag: 26,50 \u20ac)<br>Spanien: 45,90 \u20ac (Inselzuschlag: 29,30 \u20ac)<br>Gro\u00dfbritannien: 19,80 \u20ac (Inselzuschlag: 29,90 \u20ac)<br>Frankreich: 19,80 \u20ac (Inselzuschlag: 34,90 \u20ac)<br>Griechenland: 79,50 \u20ac (Inselzuschlag: 22,50 \u20ac)<br>Italien: 39,75 \u20ac (Inselzuschlag: 34,90 \u20ac)<br>Irland: 45,90 \u20ac<br>Portugal: 45,90\u20ac (Inselzuschlag: 49,90 \u20ac)<\/p>\n\n\n\n<h2 class=\"wp-block-heading\">Versandkosten DHL (nur innerhalb Deutschlands m\u00f6glich)<\/h2>\n\n\n\n<p>Der Versand an z.B. einen Paketstation oder DHL Filiale ist nur \u00fcber DHL m\u00f6glich.<br>Die Versandkosten betragen unabh\u00e4ngig von Gewicht und Bestellwert immer 8,20 \u20ac.<\/p>\n\n\n\n<h2 class=\"wp-block-heading\">Versandkosten per Spedition<\/h2>\n\n\n\n<p>Gro\u00dfe Maschinen versenden wir aus Sicherheitsgr\u00fcnden generell immer auf Paletten \u00fcber ein Speditionsunternehmen.<\/p>\n\n\n\n<p>F\u00fcr den Versand per Spedition fallen keine Versandkosten an.<\/p>","protected":false},"excerpt":{"rendered":"<p>Versandkosten per DPD (unser Standardversand) Versandkostenfrei innerhalb Deutschland und Luxemburg ab einem Warenwert von 49,-\u20ac Versandgewicht bis 2,5 kg:Deutschland: 8,20 \u20acLuxemburg: 8,20 \u20acBelgien: 15,10 \u20acNiederlande: 15,10 \u20ac (Inselzuschlag: 13,50 \u20ac)\u00d6sterreich: 15,10 \u20acSchweiz: 17,35 \u20acLichtenstein: 17,35 \u20acD\u00e4nemark: 17,35 \u20ac (Inselzuschlag: 24,89 \u20ac)Spanien: 27,15 \u20ac (Inselzuschlag: 29,30 \u20ac)Gro\u00dfbritannien: 19,80 \u20ac (Inselzuschlag: 28,00 \u20ac)Frankreich: 19,80 \u20ac (Inselzuschlag: 34,90 [&hellip;]<\/p>\n","protected":false},"author":2,"featured_media":0,"parent":0,"menu_order":0,"comment_status":"closed","ping_status":"closed","template":"","meta":{"_acf_changed":false,"footnotes":""},"class_list":["post-157","page","type-page","status-publish","hentry"],"acf":[],"yoast_head":"<!-- This site is optimized with the Yoast SEO plugin v27.4 - https:\/\/yoast.com\/product\/yoast-seo-wordpress\/ -->\n<title>Versandkosten - Barista Buddy<\/title>\n<meta name=\"robots\" content=\"index, follow, max-snippet:-1, max-image-preview:large, max-video-preview:-1\" \/>\n<link rel=\"canonical\" href=\"https:\/\/barista-buddy.com\/en\/versand\/\" \/>\n<meta property=\"og:locale\" content=\"en_GB\" \/>\n<meta property=\"og:type\" content=\"article\" \/>\n<meta property=\"og:title\" content=\"Versandkosten - Barista Buddy\" \/>\n<meta property=\"og:description\" content=\"Versandkosten per DPD (unser Standardversand) Versandkostenfrei innerhalb Deutschland und Luxemburg ab einem Warenwert von 49,-\u20ac Versandgewicht bis 2,5 kg:Deutschland: 8,20 \u20acLuxemburg: 8,20 \u20acBelgien: 15,10 \u20acNiederlande: 15,10 \u20ac (Inselzuschlag: 13,50 \u20ac)\u00d6sterreich: 15,10 \u20acSchweiz: 17,35 \u20acLichtenstein: 17,35 \u20acD\u00e4nemark: 17,35 \u20ac (Inselzuschlag: 24,89 \u20ac)Spanien: 27,15 \u20ac (Inselzuschlag: 29,30 \u20ac)Gro\u00dfbritannien: 19,80 \u20ac (Inselzuschlag: 28,00 \u20ac)Frankreich: 19,80 \u20ac (Inselzuschlag: 34,90 [&hellip;]\" \/>\n<meta property=\"og:url\" content=\"https:\/\/barista-buddy.com\/en\/versand\/\" \/>\n<meta property=\"og:site_name\" content=\"Barista Buddy\" \/>\n<meta property=\"article:modified_time\" content=\"2024-05-06T12:16:17+00:00\" \/>\n<meta name=\"twitter:card\" content=\"summary_large_image\" \/>\n<meta name=\"twitter:label1\" content=\"Estimated reading time\" \/>\n\t<meta name=\"twitter:data1\" content=\"2 minutes\" \/>\n<script type=\"application\/ld+json\" class=\"yoast-schema-graph\">{\"@context\":\"https:\\\/\\\/schema.org\",\"@graph\":[{\"@type\":\"WebPage\",\"@id\":\"https:\\\/\\\/barista-buddy.com\\\/versand\\\/\",\"url\":\"https:\\\/\\\/barista-buddy.com\\\/versand\\\/\",\"name\":\"Versandkosten - Barista Buddy\",\"isPartOf\":{\"@id\":\"https:\\\/\\\/barista-buddy.com\\\/#website\"},\"datePublished\":\"2023-02-16T09:21:47+00:00\",\"dateModified\":\"2024-05-06T12:16:17+00:00\",\"breadcrumb\":{\"@id\":\"https:\\\/\\\/barista-buddy.com\\\/versand\\\/#breadcrumb\"},\"inLanguage\":\"en-GB\",\"potentialAction\":[{\"@type\":\"ReadAction\",\"target\":[\"https:\\\/\\\/barista-buddy.com\\\/versand\\\/\"]}]},{\"@type\":\"BreadcrumbList\",\"@id\":\"https:\\\/\\\/barista-buddy.com\\\/versand\\\/#breadcrumb\",\"itemListElement\":[{\"@type\":\"ListItem\",\"position\":1,\"name\":\"Home\",\"item\":\"https:\\\/\\\/barista-buddy.com\\\/\"},{\"@type\":\"ListItem\",\"position\":2,\"name\":\"Versand\"}]},{\"@type\":\"WebSite\",\"@id\":\"https:\\\/\\\/barista-buddy.com\\\/#website\",\"url\":\"https:\\\/\\\/barista-buddy.com\\\/\",\"name\":\"Barista Buddy\",\"description\":\"\",\"potentialAction\":[{\"@type\":\"SearchAction\",\"target\":{\"@type\":\"EntryPoint\",\"urlTemplate\":\"https:\\\/\\\/barista-buddy.com\\\/?s={search_term_string}\"},\"query-input\":{\"@type\":\"PropertyValueSpecification\",\"valueRequired\":true,\"valueName\":\"search_term_string\"}}],\"inLanguage\":\"en-GB\"}]}<\/script>\n<!-- \/ Yoast SEO plugin. -->","yoast_head_json":{"title":"Versandkosten - Barista Buddy","robots":{"index":"index","follow":"follow","max-snippet":"max-snippet:-1","max-image-preview":"max-image-preview:large","max-video-preview":"max-video-preview:-1"},"canonical":"https:\/\/barista-buddy.com\/en\/versand\/","og_locale":"en_GB","og_type":"article","og_title":"Versandkosten - Barista Buddy","og_description":"Versandkosten per DPD (unser Standardversand) Versandkostenfrei innerhalb Deutschland und Luxemburg ab einem Warenwert von 49,-\u20ac Versandgewicht bis 2,5 kg:Deutschland: 8,20 \u20acLuxemburg: 8,20 \u20acBelgien: 15,10 \u20acNiederlande: 15,10 \u20ac (Inselzuschlag: 13,50 \u20ac)\u00d6sterreich: 15,10 \u20acSchweiz: 17,35 \u20acLichtenstein: 17,35 \u20acD\u00e4nemark: 17,35 \u20ac (Inselzuschlag: 24,89 \u20ac)Spanien: 27,15 \u20ac (Inselzuschlag: 29,30 \u20ac)Gro\u00dfbritannien: 19,80 \u20ac (Inselzuschlag: 28,00 \u20ac)Frankreich: 19,80 \u20ac (Inselzuschlag: 34,90 [&hellip;]","og_url":"https:\/\/barista-buddy.com\/en\/versand\/","og_site_name":"Barista Buddy","article_modified_time":"2024-05-06T12:16:17+00:00","twitter_card":"summary_large_image","twitter_misc":{"Estimated reading time":"2 minutes"},"schema":{"@context":"https:\/\/schema.org","@graph":[{"@type":"WebPage","@id":"https:\/\/barista-buddy.com\/versand\/","url":"https:\/\/barista-buddy.com\/versand\/","name":"Versandkosten - Barista Buddy","isPartOf":{"@id":"https:\/\/barista-buddy.com\/#website"},"datePublished":"2023-02-16T09:21:47+00:00","dateModified":"2024-05-06T12:16:17+00:00","breadcrumb":{"@id":"https:\/\/barista-buddy.com\/versand\/#breadcrumb"},"inLanguage":"en-GB","potentialAction":[{"@type":"ReadAction","target":["https:\/\/barista-buddy.com\/versand\/"]}]},{"@type":"BreadcrumbList","@id":"https:\/\/barista-buddy.com\/versand\/#breadcrumb","itemListElement":[{"@type":"ListItem","position":1,"name":"Home","item":"https:\/\/barista-buddy.com\/"},{"@type":"ListItem","position":2,"name":"Versand"}]},{"@type":"WebSite","@id":"https:\/\/barista-buddy.com\/#website","url":"https:\/\/barista-buddy.com\/","name":"Barista Buddy","description":"","potentialAction":[{"@type":"SearchAction","target":{"@type":"EntryPoint","urlTemplate":"https:\/\/barista-buddy.com\/?s={search_term_string}"},"query-input":{"@type":"PropertyValueSpecification","valueRequired":true,"valueName":"search_term_string"}}],"inLanguage":"en-GB"}]}},"_links":{"self":[{"href":"https:\/\/barista-buddy.com\/en\/wp-json\/wp\/v2\/pages\/157","targetHints":{"allow":["GET"]}}],"collection":[{"href":"https:\/\/barista-buddy.com\/en\/wp-json\/wp\/v2\/pages"}],"about":[{"href":"https:\/\/barista-buddy.com\/en\/wp-json\/wp\/v2\/types\/page"}],"author":[{"embeddable":true,"href":"https:\/\/barista-buddy.com\/en\/wp-json\/wp\/v2\/users\/2"}],"replies":[{"embeddable":true,"href":"https:\/\/barista-buddy.com\/en\/wp-json\/wp\/v2\/comments?post=157"}],"version-history":[{"count":3,"href":"https:\/\/barista-buddy.com\/en\/wp-json\/wp\/v2\/pages\/157\/revisions"}],"predecessor-version":[{"id":463,"href":"https:\/\/barista-buddy.com\/en\/wp-json\/wp\/v2\/pages\/157\/revisions\/463"}],"wp:attachment":[{"href":"https:\/\/barista-buddy.com\/en\/wp-json\/wp\/v2\/media?parent=157"}],"curies":[{"name":"wp","href":"https:\/\/api.w.org\/{rel}","templated":true}]}}