{"id":161,"date":"2023-02-16T10:22:07","date_gmt":"2023-02-16T09:22:07","guid":{"rendered":"https:\/\/barista-buddy.com\/?page_id=161"},"modified":"2024-05-06T14:15:37","modified_gmt":"2024-05-06T12:15:37","slug":"retouren","status":"publish","type":"page","link":"https:\/\/barista-buddy.com\/en\/retouren\/","title":{"rendered":"Returns"},"content":{"rendered":"<p>Wenn Sie Ware aus Lieferungen durch uns retournieren m\u00f6chten oder m\u00fcssen, bitten wir Sie das untenstehende Formular auszudrucken, auszuf\u00fcllen und dem Paket beizulegen. Um die Retoure bereits vorher anzumelden, bitten wir Sie den Retourenschein zu kopieren oder zu fotografieren und per E-Mail an info@baristabuddy.de zu senden.<\/p>\n\n\n\n<p>Verpacken Sie die Ware, wenn m\u00f6glich in die Originalverpackung (es k\u00f6nnen auch andere Verpackungen benutzt werden, aber wir empfehlen Ihnen soweit m\u00f6glich das Recycling alter Verpackungen) und legen Sie den ausgef\u00fcllten Retourenschein dem Paket bei.<\/p>\n\n\n\n<p>Achtung:<\/p>\n\n\n\n<p>Sie erhalten eine Best\u00e4tigung per E-Mail, sobald Ihre R\u00fccksendung korrekt in unserem Lager eingegangen ist und der Vorgang bearbeitet wird. Dies kann bis zu 5 Werktagen in Anspruch nehmen.<\/p>\n\n\n\n<p>Z\u00f6gern Sie nicht, bei Fragen zu unseren R\u00fcckgabevorg\u00e4ngen Kontakt mit uns aufzunehmen:<br>E-Mail: info@baristabuddy.de<\/p>\n\n\n\n<p>Vielen Dank!<\/p>\n\n\n\n<p>Das Team von Barista Buddy<\/p>\n\n\n\n<div class=\"wp-block-buttons is-layout-flex wp-block-buttons-is-layout-flex\">\n<div class=\"wp-block-button\"><a class=\"wp-block-button__link wp-element-button\" href=\"\/app\/uploads\/2024\/05\/Retourenschein-BB.pdf\" target=\"_blank\" rel=\"noreferrer noopener\">Retourenschein herunterladen<\/a><\/div>\n<\/div>","protected":false},"excerpt":{"rendered":"<p>Wenn Sie Ware aus Lieferungen durch uns retournieren m\u00f6chten oder m\u00fcssen, bitten wir Sie das untenstehende Formular auszudrucken, auszuf\u00fcllen und dem Paket beizulegen. Um die Retoure bereits vorher anzumelden, bitten wir Sie den Retourenschein zu kopieren oder zu fotografieren und per E-Mail an info@baristabuddy.de zu senden. Verpacken Sie die Ware, wenn m\u00f6glich in die Originalverpackung [&hellip;]<\/p>\n","protected":false},"author":2,"featured_media":0,"parent":0,"menu_order":0,"comment_status":"closed","ping_status":"closed","template":"","meta":{"_acf_changed":false,"footnotes":""},"class_list":["post-161","page","type-page","status-publish","hentry"],"acf":[],"yoast_head":"<!-- This site is optimized with the Yoast SEO plugin v27.4 - https:\/\/yoast.com\/product\/yoast-seo-wordpress\/ -->\n<title>Retouren - Barista Buddy<\/title>\n<meta name=\"robots\" content=\"index, follow, max-snippet:-1, max-image-preview:large, max-video-preview:-1\" \/>\n<link rel=\"canonical\" href=\"https:\/\/barista-buddy.com\/en\/retouren\/\" \/>\n<meta property=\"og:locale\" content=\"en_GB\" \/>\n<meta property=\"og:type\" content=\"article\" \/>\n<meta property=\"og:title\" content=\"Retouren - Barista Buddy\" \/>\n<meta property=\"og:description\" content=\"Wenn Sie Ware aus Lieferungen durch uns retournieren m\u00f6chten oder m\u00fcssen, bitten wir Sie das untenstehende Formular auszudrucken, auszuf\u00fcllen und dem Paket beizulegen. Um die Retoure bereits vorher anzumelden, bitten wir Sie den Retourenschein zu kopieren oder zu fotografieren und per E-Mail an info@baristabuddy.de zu senden. Verpacken Sie die Ware, wenn m\u00f6glich in die Originalverpackung [&hellip;]\" \/>\n<meta property=\"og:url\" content=\"https:\/\/barista-buddy.com\/en\/retouren\/\" \/>\n<meta property=\"og:site_name\" content=\"Barista Buddy\" \/>\n<meta property=\"article:modified_time\" content=\"2024-05-06T12:15:37+00:00\" \/>\n<meta name=\"twitter:card\" content=\"summary_large_image\" \/>\n<script type=\"application\/ld+json\" class=\"yoast-schema-graph\">{\"@context\":\"https:\\\/\\\/schema.org\",\"@graph\":[{\"@type\":\"WebPage\",\"@id\":\"https:\\\/\\\/barista-buddy.com\\\/retouren\\\/\",\"url\":\"https:\\\/\\\/barista-buddy.com\\\/retouren\\\/\",\"name\":\"Retouren - Barista Buddy\",\"isPartOf\":{\"@id\":\"https:\\\/\\\/barista-buddy.com\\\/#website\"},\"datePublished\":\"2023-02-16T09:22:07+00:00\",\"dateModified\":\"2024-05-06T12:15:37+00:00\",\"breadcrumb\":{\"@id\":\"https:\\\/\\\/barista-buddy.com\\\/retouren\\\/#breadcrumb\"},\"inLanguage\":\"en-GB\",\"potentialAction\":[{\"@type\":\"ReadAction\",\"target\":[\"https:\\\/\\\/barista-buddy.com\\\/retouren\\\/\"]}]},{\"@type\":\"BreadcrumbList\",\"@id\":\"https:\\\/\\\/barista-buddy.com\\\/retouren\\\/#breadcrumb\",\"itemListElement\":[{\"@type\":\"ListItem\",\"position\":1,\"name\":\"Home\",\"item\":\"https:\\\/\\\/barista-buddy.com\\\/\"},{\"@type\":\"ListItem\",\"position\":2,\"name\":\"Retouren\"}]},{\"@type\":\"WebSite\",\"@id\":\"https:\\\/\\\/barista-buddy.com\\\/#website\",\"url\":\"https:\\\/\\\/barista-buddy.com\\\/\",\"name\":\"Barista Buddy\",\"description\":\"\",\"potentialAction\":[{\"@type\":\"SearchAction\",\"target\":{\"@type\":\"EntryPoint\",\"urlTemplate\":\"https:\\\/\\\/barista-buddy.com\\\/?s={search_term_string}\"},\"query-input\":{\"@type\":\"PropertyValueSpecification\",\"valueRequired\":true,\"valueName\":\"search_term_string\"}}],\"inLanguage\":\"en-GB\"}]}<\/script>\n<!-- \/ Yoast SEO plugin. -->","yoast_head_json":{"title":"Retouren - Barista Buddy","robots":{"index":"index","follow":"follow","max-snippet":"max-snippet:-1","max-image-preview":"max-image-preview:large","max-video-preview":"max-video-preview:-1"},"canonical":"https:\/\/barista-buddy.com\/en\/retouren\/","og_locale":"en_GB","og_type":"article","og_title":"Retouren - Barista Buddy","og_description":"Wenn Sie Ware aus Lieferungen durch uns retournieren m\u00f6chten oder m\u00fcssen, bitten wir Sie das untenstehende Formular auszudrucken, auszuf\u00fcllen und dem Paket beizulegen. Um die Retoure bereits vorher anzumelden, bitten wir Sie den Retourenschein zu kopieren oder zu fotografieren und per E-Mail an info@baristabuddy.de zu senden. Verpacken Sie die Ware, wenn m\u00f6glich in die Originalverpackung [&hellip;]","og_url":"https:\/\/barista-buddy.com\/en\/retouren\/","og_site_name":"Barista Buddy","article_modified_time":"2024-05-06T12:15:37+00:00","twitter_card":"summary_large_image","schema":{"@context":"https:\/\/schema.org","@graph":[{"@type":"WebPage","@id":"https:\/\/barista-buddy.com\/retouren\/","url":"https:\/\/barista-buddy.com\/retouren\/","name":"Retouren - Barista Buddy","isPartOf":{"@id":"https:\/\/barista-buddy.com\/#website"},"datePublished":"2023-02-16T09:22:07+00:00","dateModified":"2024-05-06T12:15:37+00:00","breadcrumb":{"@id":"https:\/\/barista-buddy.com\/retouren\/#breadcrumb"},"inLanguage":"en-GB","potentialAction":[{"@type":"ReadAction","target":["https:\/\/barista-buddy.com\/retouren\/"]}]},{"@type":"BreadcrumbList","@id":"https:\/\/barista-buddy.com\/retouren\/#breadcrumb","itemListElement":[{"@type":"ListItem","position":1,"name":"Home","item":"https:\/\/barista-buddy.com\/"},{"@type":"ListItem","position":2,"name":"Retouren"}]},{"@type":"WebSite","@id":"https:\/\/barista-buddy.com\/#website","url":"https:\/\/barista-buddy.com\/","name":"Barista Buddy","description":"","potentialAction":[{"@type":"SearchAction","target":{"@type":"EntryPoint","urlTemplate":"https:\/\/barista-buddy.com\/?s={search_term_string}"},"query-input":{"@type":"PropertyValueSpecification","valueRequired":true,"valueName":"search_term_string"}}],"inLanguage":"en-GB"}]}},"_links":{"self":[{"href":"https:\/\/barista-buddy.com\/en\/wp-json\/wp\/v2\/pages\/161","targetHints":{"allow":["GET"]}}],"collection":[{"href":"https:\/\/barista-buddy.com\/en\/wp-json\/wp\/v2\/pages"}],"about":[{"href":"https:\/\/barista-buddy.com\/en\/wp-json\/wp\/v2\/types\/page"}],"author":[{"embeddable":true,"href":"https:\/\/barista-buddy.com\/en\/wp-json\/wp\/v2\/users\/2"}],"replies":[{"embeddable":true,"href":"https:\/\/barista-buddy.com\/en\/wp-json\/wp\/v2\/comments?post=161"}],"version-history":[{"count":7,"href":"https:\/\/barista-buddy.com\/en\/wp-json\/wp\/v2\/pages\/161\/revisions"}],"predecessor-version":[{"id":462,"href":"https:\/\/barista-buddy.com\/en\/wp-json\/wp\/v2\/pages\/161\/revisions\/462"}],"wp:attachment":[{"href":"https:\/\/barista-buddy.com\/en\/wp-json\/wp\/v2\/media?parent=161"}],"curies":[{"name":"wp","href":"https:\/\/api.w.org\/{rel}","templated":true}]}}