{"id":279,"date":"2023-11-06T12:00:18","date_gmt":"2023-11-06T11:00:18","guid":{"rendered":"https:\/\/barista-buddy.com\/?post_type=product&#038;p=279"},"modified":"2024-04-16T15:37:11","modified_gmt":"2024-04-16T13:37:11","slug":"milchkaennchen","status":"publish","type":"product","link":"https:\/\/barista-buddy.com\/en\/produkte\/milchkaennchen\/","title":{"rendered":"Milchk\u00e4nnchen"},"content":{"rendered":"<p>Das Milchk\u00e4nnchen ist aus rostfreiem Edelstahl gefertigt, sehr robust und langlebig. Es ist Sp\u00fclmaschinen geeignet und damit sowohl f\u00fcr den professionellen Einsatz in der Caf\u00e9bar, wie f\u00fcr den Privatgebrauch bestens geeignet. Durch den handlichen Griff und das leichte Gewicht ist f\u00fcr jeden Anwender ein perfektes Handling garantiert.<\/p>","protected":false},"excerpt":{"rendered":"<p>Das Milchk\u00e4nnchen ist aus rostfreiem Edelstahl gefertigt, sehr robust und langlebig. Es ist Sp\u00fclmaschinen geeignet und damit sowohl f\u00fcr den professionellen Einsatz in der Caf\u00e9bar, wie f\u00fcr den Privatgebrauch bestens geeignet. Durch den handlichen Griff und das leichte Gewicht ist f\u00fcr jeden Anwender ein perfektes Handling garantiert.<\/p>","protected":false},"featured_media":287,"comment_status":"open","ping_status":"closed","template":"","meta":{"_acf_changed":false},"product_brand":[],"product_cat":[49],"product_tag":[],"class_list":{"0":"post-279","1":"product","2":"type-product","3":"status-publish","4":"has-post-thumbnail","6":"product_cat-zubehoer","8":"first","9":"instock","10":"taxable","11":"shipping-taxable","12":"purchasable","13":"product-type-variable","14":"has-default-attributes"},"acf":[],"yoast_head":"<!-- This site is optimized with the Yoast SEO plugin v27.4 - https:\/\/yoast.com\/product\/yoast-seo-wordpress\/ -->\n<title>Milchk\u00e4nnchen - Barista Buddy<\/title>\n<meta name=\"robots\" content=\"index, follow, max-snippet:-1, max-image-preview:large, max-video-preview:-1\" \/>\n<link rel=\"canonical\" href=\"https:\/\/barista-buddy.com\/en\/produkte\/milchkaennchen\/\" \/>\n<meta property=\"og:locale\" content=\"en_GB\" \/>\n<meta property=\"og:type\" content=\"article\" \/>\n<meta property=\"og:title\" content=\"Milchk\u00e4nnchen - Barista Buddy\" \/>\n<meta property=\"og:description\" content=\"Das Milchk\u00e4nnchen ist aus rostfreiem Edelstahl gefertigt, sehr robust und langlebig. Es ist Sp\u00fclmaschinen geeignet und damit sowohl f\u00fcr den professionellen Einsatz in der Caf\u00e9bar, wie f\u00fcr den Privatgebrauch bestens geeignet. Durch den handlichen Griff und das leichte Gewicht ist f\u00fcr jeden Anwender ein perfektes Handling garantiert.\" \/>\n<meta property=\"og:url\" content=\"https:\/\/barista-buddy.com\/en\/produkte\/milchkaennchen\/\" \/>\n<meta property=\"og:site_name\" content=\"Barista Buddy\" \/>\n<meta property=\"article:modified_time\" content=\"2024-04-16T13:37:11+00:00\" \/>\n<meta property=\"og:image\" content=\"https:\/\/barista-buddy.com\/app\/uploads\/2023\/11\/210001.jpg\" \/>\n\t<meta property=\"og:image:width\" content=\"1000\" \/>\n\t<meta property=\"og:image:height\" content=\"1000\" \/>\n\t<meta property=\"og:image:type\" content=\"image\/jpeg\" \/>\n<meta name=\"twitter:card\" content=\"summary_large_image\" \/>\n<meta name=\"twitter:label1\" content=\"Estimated reading time\" \/>\n\t<meta name=\"twitter:data1\" content=\"1 minute\" \/>\n<script type=\"application\/ld+json\" class=\"yoast-schema-graph\">{\"@context\":\"https:\\\/\\\/schema.org\",\"@graph\":[{\"@type\":\"WebPage\",\"@id\":\"https:\\\/\\\/barista-buddy.com\\\/produkte\\\/milchkaennchen\\\/\",\"url\":\"https:\\\/\\\/barista-buddy.com\\\/produkte\\\/milchkaennchen\\\/\",\"name\":\"Milchk\u00e4nnchen - Barista Buddy\",\"isPartOf\":{\"@id\":\"https:\\\/\\\/barista-buddy.com\\\/#website\"},\"primaryImageOfPage\":{\"@id\":\"https:\\\/\\\/barista-buddy.com\\\/produkte\\\/milchkaennchen\\\/#primaryimage\"},\"image\":{\"@id\":\"https:\\\/\\\/barista-buddy.com\\\/produkte\\\/milchkaennchen\\\/#primaryimage\"},\"thumbnailUrl\":\"https:\\\/\\\/barista-buddy.com\\\/app\\\/uploads\\\/2023\\\/11\\\/210001.jpg\",\"datePublished\":\"2023-11-06T11:00:18+00:00\",\"dateModified\":\"2024-04-16T13:37:11+00:00\",\"breadcrumb\":{\"@id\":\"https:\\\/\\\/barista-buddy.com\\\/produkte\\\/milchkaennchen\\\/#breadcrumb\"},\"inLanguage\":\"en-GB\",\"potentialAction\":[{\"@type\":\"ReadAction\",\"target\":[\"https:\\\/\\\/barista-buddy.com\\\/produkte\\\/milchkaennchen\\\/\"]}]},{\"@type\":\"ImageObject\",\"inLanguage\":\"en-GB\",\"@id\":\"https:\\\/\\\/barista-buddy.com\\\/produkte\\\/milchkaennchen\\\/#primaryimage\",\"url\":\"https:\\\/\\\/barista-buddy.com\\\/app\\\/uploads\\\/2023\\\/11\\\/210001.jpg\",\"contentUrl\":\"https:\\\/\\\/barista-buddy.com\\\/app\\\/uploads\\\/2023\\\/11\\\/210001.jpg\",\"width\":1000,\"height\":1000},{\"@type\":\"BreadcrumbList\",\"@id\":\"https:\\\/\\\/barista-buddy.com\\\/produkte\\\/milchkaennchen\\\/#breadcrumb\",\"itemListElement\":[{\"@type\":\"ListItem\",\"position\":1,\"name\":\"Home\",\"item\":\"https:\\\/\\\/barista-buddy.com\\\/\"},{\"@type\":\"ListItem\",\"position\":2,\"name\":\"Shop\",\"item\":\"https:\\\/\\\/barista-buddy.com\\\/shop\\\/\"},{\"@type\":\"ListItem\",\"position\":3,\"name\":\"Milchk\u00e4nnchen\"}]},{\"@type\":\"WebSite\",\"@id\":\"https:\\\/\\\/barista-buddy.com\\\/#website\",\"url\":\"https:\\\/\\\/barista-buddy.com\\\/\",\"name\":\"Barista Buddy\",\"description\":\"\",\"potentialAction\":[{\"@type\":\"SearchAction\",\"target\":{\"@type\":\"EntryPoint\",\"urlTemplate\":\"https:\\\/\\\/barista-buddy.com\\\/?s={search_term_string}\"},\"query-input\":{\"@type\":\"PropertyValueSpecification\",\"valueRequired\":true,\"valueName\":\"search_term_string\"}}],\"inLanguage\":\"en-GB\"}]}<\/script>\n<!-- \/ Yoast SEO plugin. -->","yoast_head_json":{"title":"Milchk\u00e4nnchen - Barista Buddy","robots":{"index":"index","follow":"follow","max-snippet":"max-snippet:-1","max-image-preview":"max-image-preview:large","max-video-preview":"max-video-preview:-1"},"canonical":"https:\/\/barista-buddy.com\/en\/produkte\/milchkaennchen\/","og_locale":"en_GB","og_type":"article","og_title":"Milchk\u00e4nnchen - Barista Buddy","og_description":"Das Milchk\u00e4nnchen ist aus rostfreiem Edelstahl gefertigt, sehr robust und langlebig. Es ist Sp\u00fclmaschinen geeignet und damit sowohl f\u00fcr den professionellen Einsatz in der Caf\u00e9bar, wie f\u00fcr den Privatgebrauch bestens geeignet. Durch den handlichen Griff und das leichte Gewicht ist f\u00fcr jeden Anwender ein perfektes Handling garantiert.","og_url":"https:\/\/barista-buddy.com\/en\/produkte\/milchkaennchen\/","og_site_name":"Barista Buddy","article_modified_time":"2024-04-16T13:37:11+00:00","og_image":[{"width":1000,"height":1000,"url":"https:\/\/barista-buddy.com\/app\/uploads\/2023\/11\/210001.jpg","type":"image\/jpeg"}],"twitter_card":"summary_large_image","twitter_misc":{"Estimated reading time":"1 minute"},"schema":{"@context":"https:\/\/schema.org","@graph":[{"@type":"WebPage","@id":"https:\/\/barista-buddy.com\/produkte\/milchkaennchen\/","url":"https:\/\/barista-buddy.com\/produkte\/milchkaennchen\/","name":"Milchk\u00e4nnchen - Barista Buddy","isPartOf":{"@id":"https:\/\/barista-buddy.com\/#website"},"primaryImageOfPage":{"@id":"https:\/\/barista-buddy.com\/produkte\/milchkaennchen\/#primaryimage"},"image":{"@id":"https:\/\/barista-buddy.com\/produkte\/milchkaennchen\/#primaryimage"},"thumbnailUrl":"https:\/\/barista-buddy.com\/app\/uploads\/2023\/11\/210001.jpg","datePublished":"2023-11-06T11:00:18+00:00","dateModified":"2024-04-16T13:37:11+00:00","breadcrumb":{"@id":"https:\/\/barista-buddy.com\/produkte\/milchkaennchen\/#breadcrumb"},"inLanguage":"en-GB","potentialAction":[{"@type":"ReadAction","target":["https:\/\/barista-buddy.com\/produkte\/milchkaennchen\/"]}]},{"@type":"ImageObject","inLanguage":"en-GB","@id":"https:\/\/barista-buddy.com\/produkte\/milchkaennchen\/#primaryimage","url":"https:\/\/barista-buddy.com\/app\/uploads\/2023\/11\/210001.jpg","contentUrl":"https:\/\/barista-buddy.com\/app\/uploads\/2023\/11\/210001.jpg","width":1000,"height":1000},{"@type":"BreadcrumbList","@id":"https:\/\/barista-buddy.com\/produkte\/milchkaennchen\/#breadcrumb","itemListElement":[{"@type":"ListItem","position":1,"name":"Home","item":"https:\/\/barista-buddy.com\/"},{"@type":"ListItem","position":2,"name":"Shop","item":"https:\/\/barista-buddy.com\/shop\/"},{"@type":"ListItem","position":3,"name":"Milchk\u00e4nnchen"}]},{"@type":"WebSite","@id":"https:\/\/barista-buddy.com\/#website","url":"https:\/\/barista-buddy.com\/","name":"Barista Buddy","description":"","potentialAction":[{"@type":"SearchAction","target":{"@type":"EntryPoint","urlTemplate":"https:\/\/barista-buddy.com\/?s={search_term_string}"},"query-input":{"@type":"PropertyValueSpecification","valueRequired":true,"valueName":"search_term_string"}}],"inLanguage":"en-GB"}]}},"_links":{"self":[{"href":"https:\/\/barista-buddy.com\/en\/wp-json\/wp\/v2\/product\/279","targetHints":{"allow":["GET"]}}],"collection":[{"href":"https:\/\/barista-buddy.com\/en\/wp-json\/wp\/v2\/product"}],"about":[{"href":"https:\/\/barista-buddy.com\/en\/wp-json\/wp\/v2\/types\/product"}],"replies":[{"embeddable":true,"href":"https:\/\/barista-buddy.com\/en\/wp-json\/wp\/v2\/comments?post=279"}],"wp:featuredmedia":[{"embeddable":true,"href":"https:\/\/barista-buddy.com\/en\/wp-json\/wp\/v2\/media\/287"}],"wp:attachment":[{"href":"https:\/\/barista-buddy.com\/en\/wp-json\/wp\/v2\/media?parent=279"}],"wp:term":[{"taxonomy":"product_brand","embeddable":true,"href":"https:\/\/barista-buddy.com\/en\/wp-json\/wp\/v2\/product_brand?post=279"},{"taxonomy":"product_cat","embeddable":true,"href":"https:\/\/barista-buddy.com\/en\/wp-json\/wp\/v2\/product_cat?post=279"},{"taxonomy":"product_tag","embeddable":true,"href":"https:\/\/barista-buddy.com\/en\/wp-json\/wp\/v2\/product_tag?post=279"}],"curies":[{"name":"wp","href":"https:\/\/api.w.org\/{rel}","templated":true}]}}