{"id":333,"date":"2024-02-20T12:55:44","date_gmt":"2024-02-20T11:55:44","guid":{"rendered":"https:\/\/barista-buddy.com\/?post_type=product&#038;p=333"},"modified":"2024-04-16T15:34:52","modified_gmt":"2024-04-16T13:34:52","slug":"keramik-dripper","status":"publish","type":"product","link":"https:\/\/barista-buddy.com\/en\/produkte\/keramik-dripper\/","title":{"rendered":"Keramik Dripper"},"content":{"rendered":"<p>Unser hochwertiger Keramikfilter aus Porzellan besticht in erster Linie durch seine puristische Eleganz. Seine robuste Fertigung sorgt sowohl auf der Tasse wie auf der Kanne f\u00fcr eine au\u00dferordentliche Standfestigkeit. Es k\u00f6nnen handels\u00fcbliche Kaffeefilter verwendet werden (Bspw. Melitta\/Moccamaster Nr. 4). Die Innenseite weist Rillen auf, die f\u00fcr einen gleichm\u00e4\u00dfigen Durchfluss des Wassers und damit f\u00fcr eine perfekte und gleichm\u00e4\u00dfige Extraktion sorgen.<\/p>","protected":false},"excerpt":{"rendered":"<p>Unser hochwertiger Keramikfilter aus Porzellan besticht in erster Linie durch seine puristische Eleganz. Seine robuste Fertigung sorgt sowohl auf der Tasse wie auf der Kanne f\u00fcr eine au\u00dferordentliche Standfestigkeit. Es k\u00f6nnen handels\u00fcbliche Kaffeefilter verwendet werden (Bspw. Melitta\/Moccamaster Nr. 4). Die Innenseite weist Rillen auf, die f\u00fcr einen gleichm\u00e4\u00dfigen Durchfluss des Wassers und damit f\u00fcr eine [&hellip;]<\/p>\n","protected":false},"featured_media":334,"comment_status":"open","ping_status":"closed","template":"","meta":{"_acf_changed":false},"product_brand":[],"product_cat":[49],"product_tag":[],"class_list":{"0":"post-333","1":"product","2":"type-product","3":"status-publish","4":"has-post-thumbnail","6":"product_cat-zubehoer","8":"first","9":"instock","10":"taxable","11":"shipping-taxable","12":"purchasable","13":"product-type-simple"},"acf":[],"yoast_head":"<!-- This site is optimized with the Yoast SEO plugin v27.4 - https:\/\/yoast.com\/product\/yoast-seo-wordpress\/ -->\n<title>Keramik Dripper - Barista Buddy<\/title>\n<meta name=\"robots\" content=\"index, follow, max-snippet:-1, max-image-preview:large, max-video-preview:-1\" \/>\n<link rel=\"canonical\" href=\"https:\/\/barista-buddy.com\/en\/produkte\/pour-over\/\" \/>\n<meta property=\"og:locale\" content=\"en_GB\" \/>\n<meta property=\"og:type\" content=\"article\" \/>\n<meta property=\"og:title\" content=\"Keramik Dripper - Barista Buddy\" \/>\n<meta property=\"og:description\" content=\"Unser hochwertiger Keramikfilter aus Porzellan besticht in erster Linie durch seine puristische Eleganz. Seine robuste Fertigung sorgt sowohl auf der Tasse wie auf der Kanne f\u00fcr eine au\u00dferordentliche Standfestigkeit. Es k\u00f6nnen handels\u00fcbliche Kaffeefilter verwendet werden (Bspw. Melitta\/Moccamaster Nr. 4). Die Innenseite weist Rillen auf, die f\u00fcr einen gleichm\u00e4\u00dfigen Durchfluss des Wassers und damit f\u00fcr eine [&hellip;]\" \/>\n<meta property=\"og:url\" content=\"https:\/\/barista-buddy.com\/en\/produkte\/pour-over\/\" \/>\n<meta property=\"og:site_name\" content=\"Barista Buddy\" \/>\n<meta property=\"article:modified_time\" content=\"2024-04-16T13:34:52+00:00\" \/>\n<meta property=\"og:image\" content=\"https:\/\/barista-buddy.com\/app\/uploads\/2024\/02\/5.jpg\" \/>\n\t<meta property=\"og:image:width\" content=\"1920\" \/>\n\t<meta property=\"og:image:height\" content=\"1920\" \/>\n\t<meta property=\"og:image:type\" content=\"image\/jpeg\" \/>\n<meta name=\"twitter:card\" content=\"summary_large_image\" \/>\n<meta name=\"twitter:label1\" content=\"Estimated reading time\" \/>\n\t<meta name=\"twitter:data1\" content=\"1 minute\" \/>\n<script type=\"application\/ld+json\" class=\"yoast-schema-graph\">{\"@context\":\"https:\\\/\\\/schema.org\",\"@graph\":[{\"@type\":\"WebPage\",\"@id\":\"https:\\\/\\\/barista-buddy.com\\\/produkte\\\/pour-over\\\/\",\"url\":\"https:\\\/\\\/barista-buddy.com\\\/produkte\\\/pour-over\\\/\",\"name\":\"Keramik Dripper - Barista Buddy\",\"isPartOf\":{\"@id\":\"https:\\\/\\\/barista-buddy.com\\\/#website\"},\"primaryImageOfPage\":{\"@id\":\"https:\\\/\\\/barista-buddy.com\\\/produkte\\\/pour-over\\\/#primaryimage\"},\"image\":{\"@id\":\"https:\\\/\\\/barista-buddy.com\\\/produkte\\\/pour-over\\\/#primaryimage\"},\"thumbnailUrl\":\"https:\\\/\\\/barista-buddy.com\\\/app\\\/uploads\\\/2024\\\/02\\\/1.jpg\",\"datePublished\":\"2024-02-20T11:55:44+00:00\",\"dateModified\":\"2024-04-16T13:34:52+00:00\",\"breadcrumb\":{\"@id\":\"https:\\\/\\\/barista-buddy.com\\\/produkte\\\/pour-over\\\/#breadcrumb\"},\"inLanguage\":\"en-GB\",\"potentialAction\":[{\"@type\":\"ReadAction\",\"target\":[\"https:\\\/\\\/barista-buddy.com\\\/produkte\\\/pour-over\\\/\"]}]},{\"@type\":\"ImageObject\",\"inLanguage\":\"en-GB\",\"@id\":\"https:\\\/\\\/barista-buddy.com\\\/produkte\\\/pour-over\\\/#primaryimage\",\"url\":\"https:\\\/\\\/barista-buddy.com\\\/app\\\/uploads\\\/2024\\\/02\\\/1.jpg\",\"contentUrl\":\"https:\\\/\\\/barista-buddy.com\\\/app\\\/uploads\\\/2024\\\/02\\\/1.jpg\",\"width\":800,\"height\":800},{\"@type\":\"BreadcrumbList\",\"@id\":\"https:\\\/\\\/barista-buddy.com\\\/produkte\\\/pour-over\\\/#breadcrumb\",\"itemListElement\":[{\"@type\":\"ListItem\",\"position\":1,\"name\":\"Home\",\"item\":\"https:\\\/\\\/barista-buddy.com\\\/\"},{\"@type\":\"ListItem\",\"position\":2,\"name\":\"Shop\",\"item\":\"https:\\\/\\\/barista-buddy.com\\\/shop\\\/\"},{\"@type\":\"ListItem\",\"position\":3,\"name\":\"Pour Over\"}]},{\"@type\":\"WebSite\",\"@id\":\"https:\\\/\\\/barista-buddy.com\\\/#website\",\"url\":\"https:\\\/\\\/barista-buddy.com\\\/\",\"name\":\"Barista Buddy\",\"description\":\"\",\"potentialAction\":[{\"@type\":\"SearchAction\",\"target\":{\"@type\":\"EntryPoint\",\"urlTemplate\":\"https:\\\/\\\/barista-buddy.com\\\/?s={search_term_string}\"},\"query-input\":{\"@type\":\"PropertyValueSpecification\",\"valueRequired\":true,\"valueName\":\"search_term_string\"}}],\"inLanguage\":\"en-GB\"}]}<\/script>\n<!-- \/ Yoast SEO plugin. -->","yoast_head_json":{"title":"Keramik Dripper - Barista Buddy","robots":{"index":"index","follow":"follow","max-snippet":"max-snippet:-1","max-image-preview":"max-image-preview:large","max-video-preview":"max-video-preview:-1"},"canonical":"https:\/\/barista-buddy.com\/en\/produkte\/pour-over\/","og_locale":"en_GB","og_type":"article","og_title":"Keramik Dripper - Barista Buddy","og_description":"Unser hochwertiger Keramikfilter aus Porzellan besticht in erster Linie durch seine puristische Eleganz. Seine robuste Fertigung sorgt sowohl auf der Tasse wie auf der Kanne f\u00fcr eine au\u00dferordentliche Standfestigkeit. Es k\u00f6nnen handels\u00fcbliche Kaffeefilter verwendet werden (Bspw. Melitta\/Moccamaster Nr. 4). Die Innenseite weist Rillen auf, die f\u00fcr einen gleichm\u00e4\u00dfigen Durchfluss des Wassers und damit f\u00fcr eine [&hellip;]","og_url":"https:\/\/barista-buddy.com\/en\/produkte\/pour-over\/","og_site_name":"Barista Buddy","article_modified_time":"2024-04-16T13:34:52+00:00","og_image":[{"width":1920,"height":1920,"url":"https:\/\/barista-buddy.com\/app\/uploads\/2024\/02\/5.jpg","type":"image\/jpeg"}],"twitter_card":"summary_large_image","twitter_misc":{"Estimated reading time":"1 minute"},"schema":{"@context":"https:\/\/schema.org","@graph":[{"@type":"WebPage","@id":"https:\/\/barista-buddy.com\/produkte\/pour-over\/","url":"https:\/\/barista-buddy.com\/produkte\/pour-over\/","name":"Keramik Dripper - Barista Buddy","isPartOf":{"@id":"https:\/\/barista-buddy.com\/#website"},"primaryImageOfPage":{"@id":"https:\/\/barista-buddy.com\/produkte\/pour-over\/#primaryimage"},"image":{"@id":"https:\/\/barista-buddy.com\/produkte\/pour-over\/#primaryimage"},"thumbnailUrl":"https:\/\/barista-buddy.com\/app\/uploads\/2024\/02\/1.jpg","datePublished":"2024-02-20T11:55:44+00:00","dateModified":"2024-04-16T13:34:52+00:00","breadcrumb":{"@id":"https:\/\/barista-buddy.com\/produkte\/pour-over\/#breadcrumb"},"inLanguage":"en-GB","potentialAction":[{"@type":"ReadAction","target":["https:\/\/barista-buddy.com\/produkte\/pour-over\/"]}]},{"@type":"ImageObject","inLanguage":"en-GB","@id":"https:\/\/barista-buddy.com\/produkte\/pour-over\/#primaryimage","url":"https:\/\/barista-buddy.com\/app\/uploads\/2024\/02\/1.jpg","contentUrl":"https:\/\/barista-buddy.com\/app\/uploads\/2024\/02\/1.jpg","width":800,"height":800},{"@type":"BreadcrumbList","@id":"https:\/\/barista-buddy.com\/produkte\/pour-over\/#breadcrumb","itemListElement":[{"@type":"ListItem","position":1,"name":"Home","item":"https:\/\/barista-buddy.com\/"},{"@type":"ListItem","position":2,"name":"Shop","item":"https:\/\/barista-buddy.com\/shop\/"},{"@type":"ListItem","position":3,"name":"Pour Over"}]},{"@type":"WebSite","@id":"https:\/\/barista-buddy.com\/#website","url":"https:\/\/barista-buddy.com\/","name":"Barista Buddy","description":"","potentialAction":[{"@type":"SearchAction","target":{"@type":"EntryPoint","urlTemplate":"https:\/\/barista-buddy.com\/?s={search_term_string}"},"query-input":{"@type":"PropertyValueSpecification","valueRequired":true,"valueName":"search_term_string"}}],"inLanguage":"en-GB"}]}},"_links":{"self":[{"href":"https:\/\/barista-buddy.com\/en\/wp-json\/wp\/v2\/product\/333","targetHints":{"allow":["GET"]}}],"collection":[{"href":"https:\/\/barista-buddy.com\/en\/wp-json\/wp\/v2\/product"}],"about":[{"href":"https:\/\/barista-buddy.com\/en\/wp-json\/wp\/v2\/types\/product"}],"replies":[{"embeddable":true,"href":"https:\/\/barista-buddy.com\/en\/wp-json\/wp\/v2\/comments?post=333"}],"wp:featuredmedia":[{"embeddable":true,"href":"https:\/\/barista-buddy.com\/en\/wp-json\/wp\/v2\/media\/334"}],"wp:attachment":[{"href":"https:\/\/barista-buddy.com\/en\/wp-json\/wp\/v2\/media?parent=333"}],"wp:term":[{"taxonomy":"product_brand","embeddable":true,"href":"https:\/\/barista-buddy.com\/en\/wp-json\/wp\/v2\/product_brand?post=333"},{"taxonomy":"product_cat","embeddable":true,"href":"https:\/\/barista-buddy.com\/en\/wp-json\/wp\/v2\/product_cat?post=333"},{"taxonomy":"product_tag","embeddable":true,"href":"https:\/\/barista-buddy.com\/en\/wp-json\/wp\/v2\/product_tag?post=333"}],"curies":[{"name":"wp","href":"https:\/\/api.w.org\/{rel}","templated":true}]}}