{"id":340,"date":"2024-02-20T13:01:13","date_gmt":"2024-02-20T12:01:13","guid":{"rendered":"https:\/\/barista-buddy.com\/?post_type=product&#038;p=340"},"modified":"2024-05-06T14:11:28","modified_gmt":"2024-05-06T12:11:28","slug":"knockbox","status":"publish","type":"product","link":"https:\/\/barista-buddy.com\/en\/produkte\/knockbox\/","title":{"rendered":"Knockbox"},"content":{"rendered":"<p>Das Geh\u00e4use unserer Knockbox besteht 100% aus Edelstahl und ist deshalb sehr stabil und robust. Die Form der inneren Klopfstange, der Gummif\u00fc\u00dfe und des Griffs wurden gew\u00e4hlt, um Ger\u00e4usche auf ein Minimum zu reduzieren. Der Abschlagbalken besteht aus speziellem, schallabsorbierendem Material. Die Knockbox kann ganz einfach unter dem Wasserhahn ausgesp\u00fclt und gereinigt werden. Wir w\u00fcrden aufgrund der schwarzen Beschichtung nicht empfehlen die Knockbox in der Sp\u00fclmaschine zu reinigen.<\/p>","protected":false},"excerpt":{"rendered":"<p>Das Geh\u00e4use unserer Knockbox besteht 100% aus Edelstahl und ist deshalb sehr stabil und robust. Die Form der inneren Klopfstange, der Gummif\u00fc\u00dfe und des Griffs wurden gew\u00e4hlt, um Ger\u00e4usche auf ein Minimum zu reduzieren. Der Abschlagbalken besteht aus speziellem, schallabsorbierendem Material. Die Knockbox kann ganz einfach unter dem Wasserhahn ausgesp\u00fclt und gereinigt werden. Wir w\u00fcrden [&hellip;]<\/p>\n","protected":false},"featured_media":342,"comment_status":"open","ping_status":"closed","template":"","meta":{"_acf_changed":false},"product_brand":[],"product_cat":[104],"product_tag":[],"class_list":{"0":"post-340","1":"product","2":"type-product","3":"status-publish","4":"has-post-thumbnail","6":"product_cat-barista","8":"first","9":"instock","10":"taxable","11":"shipping-taxable","12":"purchasable","13":"product-type-simple"},"acf":[],"yoast_head":"<!-- This site is optimized with the Yoast SEO plugin v27.4 - https:\/\/yoast.com\/product\/yoast-seo-wordpress\/ -->\n<title>Knockbox - Barista Buddy<\/title>\n<meta name=\"robots\" content=\"index, follow, max-snippet:-1, max-image-preview:large, max-video-preview:-1\" \/>\n<link rel=\"canonical\" href=\"https:\/\/barista-buddy.com\/en\/produkte\/knockbox\/\" \/>\n<meta property=\"og:locale\" content=\"en_GB\" \/>\n<meta property=\"og:type\" content=\"article\" \/>\n<meta property=\"og:title\" content=\"Knockbox - Barista Buddy\" \/>\n<meta property=\"og:description\" content=\"Das Geh\u00e4use unserer Knockbox besteht 100% aus Edelstahl und ist deshalb sehr stabil und robust. Die Form der inneren Klopfstange, der Gummif\u00fc\u00dfe und des Griffs wurden gew\u00e4hlt, um Ger\u00e4usche auf ein Minimum zu reduzieren. Der Abschlagbalken besteht aus speziellem, schallabsorbierendem Material. Die Knockbox kann ganz einfach unter dem Wasserhahn ausgesp\u00fclt und gereinigt werden. Wir w\u00fcrden [&hellip;]\" \/>\n<meta property=\"og:url\" content=\"https:\/\/barista-buddy.com\/en\/produkte\/knockbox\/\" \/>\n<meta property=\"og:site_name\" content=\"Barista Buddy\" \/>\n<meta property=\"article:modified_time\" content=\"2024-05-06T12:11:28+00:00\" \/>\n<meta property=\"og:image\" content=\"https:\/\/barista-buddy.com\/app\/uploads\/2024\/02\/2-1.jpg\" \/>\n\t<meta property=\"og:image:width\" content=\"1600\" \/>\n\t<meta property=\"og:image:height\" content=\"1600\" \/>\n\t<meta property=\"og:image:type\" content=\"image\/jpeg\" \/>\n<meta name=\"twitter:card\" content=\"summary_large_image\" \/>\n<meta name=\"twitter:label1\" content=\"Estimated reading time\" \/>\n\t<meta name=\"twitter:data1\" content=\"1 minute\" \/>\n<script type=\"application\/ld+json\" class=\"yoast-schema-graph\">{\"@context\":\"https:\\\/\\\/schema.org\",\"@graph\":[{\"@type\":\"WebPage\",\"@id\":\"https:\\\/\\\/barista-buddy.com\\\/produkte\\\/knockbox\\\/\",\"url\":\"https:\\\/\\\/barista-buddy.com\\\/produkte\\\/knockbox\\\/\",\"name\":\"Knockbox - Barista Buddy\",\"isPartOf\":{\"@id\":\"https:\\\/\\\/barista-buddy.com\\\/#website\"},\"primaryImageOfPage\":{\"@id\":\"https:\\\/\\\/barista-buddy.com\\\/produkte\\\/knockbox\\\/#primaryimage\"},\"image\":{\"@id\":\"https:\\\/\\\/barista-buddy.com\\\/produkte\\\/knockbox\\\/#primaryimage\"},\"thumbnailUrl\":\"https:\\\/\\\/barista-buddy.com\\\/app\\\/uploads\\\/2024\\\/02\\\/2-1.jpg\",\"datePublished\":\"2024-02-20T12:01:13+00:00\",\"dateModified\":\"2024-05-06T12:11:28+00:00\",\"breadcrumb\":{\"@id\":\"https:\\\/\\\/barista-buddy.com\\\/produkte\\\/knockbox\\\/#breadcrumb\"},\"inLanguage\":\"en-GB\",\"potentialAction\":[{\"@type\":\"ReadAction\",\"target\":[\"https:\\\/\\\/barista-buddy.com\\\/produkte\\\/knockbox\\\/\"]}]},{\"@type\":\"ImageObject\",\"inLanguage\":\"en-GB\",\"@id\":\"https:\\\/\\\/barista-buddy.com\\\/produkte\\\/knockbox\\\/#primaryimage\",\"url\":\"https:\\\/\\\/barista-buddy.com\\\/app\\\/uploads\\\/2024\\\/02\\\/2-1.jpg\",\"contentUrl\":\"https:\\\/\\\/barista-buddy.com\\\/app\\\/uploads\\\/2024\\\/02\\\/2-1.jpg\",\"width\":1600,\"height\":1600},{\"@type\":\"BreadcrumbList\",\"@id\":\"https:\\\/\\\/barista-buddy.com\\\/produkte\\\/knockbox\\\/#breadcrumb\",\"itemListElement\":[{\"@type\":\"ListItem\",\"position\":1,\"name\":\"Home\",\"item\":\"https:\\\/\\\/barista-buddy.com\\\/\"},{\"@type\":\"ListItem\",\"position\":2,\"name\":\"Shop\",\"item\":\"https:\\\/\\\/barista-buddy.com\\\/shop\\\/\"},{\"@type\":\"ListItem\",\"position\":3,\"name\":\"Knockbox\"}]},{\"@type\":\"WebSite\",\"@id\":\"https:\\\/\\\/barista-buddy.com\\\/#website\",\"url\":\"https:\\\/\\\/barista-buddy.com\\\/\",\"name\":\"Barista Buddy\",\"description\":\"\",\"potentialAction\":[{\"@type\":\"SearchAction\",\"target\":{\"@type\":\"EntryPoint\",\"urlTemplate\":\"https:\\\/\\\/barista-buddy.com\\\/?s={search_term_string}\"},\"query-input\":{\"@type\":\"PropertyValueSpecification\",\"valueRequired\":true,\"valueName\":\"search_term_string\"}}],\"inLanguage\":\"en-GB\"}]}<\/script>\n<!-- \/ Yoast SEO plugin. -->","yoast_head_json":{"title":"Knockbox - Barista Buddy","robots":{"index":"index","follow":"follow","max-snippet":"max-snippet:-1","max-image-preview":"max-image-preview:large","max-video-preview":"max-video-preview:-1"},"canonical":"https:\/\/barista-buddy.com\/en\/produkte\/knockbox\/","og_locale":"en_GB","og_type":"article","og_title":"Knockbox - Barista Buddy","og_description":"Das Geh\u00e4use unserer Knockbox besteht 100% aus Edelstahl und ist deshalb sehr stabil und robust. Die Form der inneren Klopfstange, der Gummif\u00fc\u00dfe und des Griffs wurden gew\u00e4hlt, um Ger\u00e4usche auf ein Minimum zu reduzieren. Der Abschlagbalken besteht aus speziellem, schallabsorbierendem Material. Die Knockbox kann ganz einfach unter dem Wasserhahn ausgesp\u00fclt und gereinigt werden. Wir w\u00fcrden [&hellip;]","og_url":"https:\/\/barista-buddy.com\/en\/produkte\/knockbox\/","og_site_name":"Barista Buddy","article_modified_time":"2024-05-06T12:11:28+00:00","og_image":[{"width":1600,"height":1600,"url":"https:\/\/barista-buddy.com\/app\/uploads\/2024\/02\/2-1.jpg","type":"image\/jpeg"}],"twitter_card":"summary_large_image","twitter_misc":{"Estimated reading time":"1 minute"},"schema":{"@context":"https:\/\/schema.org","@graph":[{"@type":"WebPage","@id":"https:\/\/barista-buddy.com\/produkte\/knockbox\/","url":"https:\/\/barista-buddy.com\/produkte\/knockbox\/","name":"Knockbox - Barista Buddy","isPartOf":{"@id":"https:\/\/barista-buddy.com\/#website"},"primaryImageOfPage":{"@id":"https:\/\/barista-buddy.com\/produkte\/knockbox\/#primaryimage"},"image":{"@id":"https:\/\/barista-buddy.com\/produkte\/knockbox\/#primaryimage"},"thumbnailUrl":"https:\/\/barista-buddy.com\/app\/uploads\/2024\/02\/2-1.jpg","datePublished":"2024-02-20T12:01:13+00:00","dateModified":"2024-05-06T12:11:28+00:00","breadcrumb":{"@id":"https:\/\/barista-buddy.com\/produkte\/knockbox\/#breadcrumb"},"inLanguage":"en-GB","potentialAction":[{"@type":"ReadAction","target":["https:\/\/barista-buddy.com\/produkte\/knockbox\/"]}]},{"@type":"ImageObject","inLanguage":"en-GB","@id":"https:\/\/barista-buddy.com\/produkte\/knockbox\/#primaryimage","url":"https:\/\/barista-buddy.com\/app\/uploads\/2024\/02\/2-1.jpg","contentUrl":"https:\/\/barista-buddy.com\/app\/uploads\/2024\/02\/2-1.jpg","width":1600,"height":1600},{"@type":"BreadcrumbList","@id":"https:\/\/barista-buddy.com\/produkte\/knockbox\/#breadcrumb","itemListElement":[{"@type":"ListItem","position":1,"name":"Home","item":"https:\/\/barista-buddy.com\/"},{"@type":"ListItem","position":2,"name":"Shop","item":"https:\/\/barista-buddy.com\/shop\/"},{"@type":"ListItem","position":3,"name":"Knockbox"}]},{"@type":"WebSite","@id":"https:\/\/barista-buddy.com\/#website","url":"https:\/\/barista-buddy.com\/","name":"Barista Buddy","description":"","potentialAction":[{"@type":"SearchAction","target":{"@type":"EntryPoint","urlTemplate":"https:\/\/barista-buddy.com\/?s={search_term_string}"},"query-input":{"@type":"PropertyValueSpecification","valueRequired":true,"valueName":"search_term_string"}}],"inLanguage":"en-GB"}]}},"_links":{"self":[{"href":"https:\/\/barista-buddy.com\/en\/wp-json\/wp\/v2\/product\/340","targetHints":{"allow":["GET"]}}],"collection":[{"href":"https:\/\/barista-buddy.com\/en\/wp-json\/wp\/v2\/product"}],"about":[{"href":"https:\/\/barista-buddy.com\/en\/wp-json\/wp\/v2\/types\/product"}],"replies":[{"embeddable":true,"href":"https:\/\/barista-buddy.com\/en\/wp-json\/wp\/v2\/comments?post=340"}],"wp:featuredmedia":[{"embeddable":true,"href":"https:\/\/barista-buddy.com\/en\/wp-json\/wp\/v2\/media\/342"}],"wp:attachment":[{"href":"https:\/\/barista-buddy.com\/en\/wp-json\/wp\/v2\/media?parent=340"}],"wp:term":[{"taxonomy":"product_brand","embeddable":true,"href":"https:\/\/barista-buddy.com\/en\/wp-json\/wp\/v2\/product_brand?post=340"},{"taxonomy":"product_cat","embeddable":true,"href":"https:\/\/barista-buddy.com\/en\/wp-json\/wp\/v2\/product_cat?post=340"},{"taxonomy":"product_tag","embeddable":true,"href":"https:\/\/barista-buddy.com\/en\/wp-json\/wp\/v2\/product_tag?post=340"}],"curies":[{"name":"wp","href":"https:\/\/api.w.org\/{rel}","templated":true}]}}