{"id":399,"date":"2024-02-21T12:20:54","date_gmt":"2024-02-21T11:20:54","guid":{"rendered":"https:\/\/barista-buddy.com\/?post_type=product&#038;p=399"},"modified":"2024-05-06T14:11:03","modified_gmt":"2024-05-06T12:11:03","slug":"sudschublade","status":"publish","type":"product","link":"https:\/\/barista-buddy.com\/en\/produkte\/sudschublade\/","title":{"rendered":"Sudschublade"},"content":{"rendered":"<p>Das Geh\u00e4use unserer Sudschublade besteht 100% aus Edelstahl und ist deshalb sehr stabil und robust. Die Form der inneren Klopfstange, der Gummif\u00fc\u00dfe und des Griffs wurden gew\u00e4hlt um Ger\u00e4usche auf ein Minimum zu reduzieren. Der Abschlagbalken besteht aus speziellem schallabsorbierendem Material. Die Sudschublade kann ganz einfach aus dem Geh\u00e4use genommen werden und unter dem Wasserhahn ausgesp\u00fclt und gereinigt werden.<\/p>","protected":false},"excerpt":{"rendered":"<p>Das Geh\u00e4use unserer Sudschublade besteht 100% aus Edelstahl und ist deshalb sehr stabil und robust. Die Form der inneren Klopfstange, der Gummif\u00fc\u00dfe und des Griffs wurden gew\u00e4hlt um Ger\u00e4usche auf ein Minimum zu reduzieren. Der Abschlagbalken besteht aus speziellem schallabsorbierendem Material. Die Sudschublade kann ganz einfach aus dem Geh\u00e4use genommen werden und unter dem Wasserhahn [&hellip;]<\/p>\n","protected":false},"featured_media":409,"comment_status":"open","ping_status":"closed","template":"","meta":{"_acf_changed":false},"product_brand":[],"product_cat":[104,49],"product_tag":[],"class_list":{"0":"post-399","1":"product","2":"type-product","3":"status-publish","4":"has-post-thumbnail","6":"product_cat-barista","7":"product_cat-zubehoer","9":"first","10":"instock","11":"taxable","12":"shipping-taxable","13":"purchasable","14":"product-type-variable","15":"has-default-attributes"},"acf":[],"yoast_head":"<!-- This site is optimized with the Yoast SEO plugin v27.4 - https:\/\/yoast.com\/product\/yoast-seo-wordpress\/ -->\n<title>Sudschublade - Barista Buddy<\/title>\n<meta name=\"robots\" content=\"index, follow, max-snippet:-1, max-image-preview:large, max-video-preview:-1\" \/>\n<link rel=\"canonical\" href=\"https:\/\/barista-buddy.com\/en\/produkte\/sudschublade\/\" \/>\n<meta property=\"og:locale\" content=\"en_GB\" \/>\n<meta property=\"og:type\" content=\"article\" \/>\n<meta property=\"og:title\" content=\"Sudschublade - Barista Buddy\" \/>\n<meta property=\"og:description\" content=\"Das Geh\u00e4use unserer Sudschublade besteht 100% aus Edelstahl und ist deshalb sehr stabil und robust. Die Form der inneren Klopfstange, der Gummif\u00fc\u00dfe und des Griffs wurden gew\u00e4hlt um Ger\u00e4usche auf ein Minimum zu reduzieren. Der Abschlagbalken besteht aus speziellem schallabsorbierendem Material. Die Sudschublade kann ganz einfach aus dem Geh\u00e4use genommen werden und unter dem Wasserhahn [&hellip;]\" \/>\n<meta property=\"og:url\" content=\"https:\/\/barista-buddy.com\/en\/produkte\/sudschublade\/\" \/>\n<meta property=\"og:site_name\" content=\"Barista Buddy\" \/>\n<meta property=\"article:modified_time\" content=\"2024-05-06T12:11:03+00:00\" \/>\n<meta property=\"og:image\" content=\"https:\/\/barista-buddy.com\/app\/uploads\/2024\/02\/2-6.jpg\" \/>\n\t<meta property=\"og:image:width\" content=\"1000\" \/>\n\t<meta property=\"og:image:height\" content=\"1000\" \/>\n\t<meta property=\"og:image:type\" content=\"image\/jpeg\" \/>\n<meta name=\"twitter:card\" content=\"summary_large_image\" \/>\n<script type=\"application\/ld+json\" class=\"yoast-schema-graph\">{\"@context\":\"https:\\\/\\\/schema.org\",\"@graph\":[{\"@type\":\"WebPage\",\"@id\":\"https:\\\/\\\/barista-buddy.com\\\/produkte\\\/sudschublade\\\/\",\"url\":\"https:\\\/\\\/barista-buddy.com\\\/produkte\\\/sudschublade\\\/\",\"name\":\"Sudschublade - Barista Buddy\",\"isPartOf\":{\"@id\":\"https:\\\/\\\/barista-buddy.com\\\/#website\"},\"primaryImageOfPage\":{\"@id\":\"https:\\\/\\\/barista-buddy.com\\\/produkte\\\/sudschublade\\\/#primaryimage\"},\"image\":{\"@id\":\"https:\\\/\\\/barista-buddy.com\\\/produkte\\\/sudschublade\\\/#primaryimage\"},\"thumbnailUrl\":\"https:\\\/\\\/barista-buddy.com\\\/app\\\/uploads\\\/2024\\\/02\\\/2-6.jpg\",\"datePublished\":\"2024-02-21T11:20:54+00:00\",\"dateModified\":\"2024-05-06T12:11:03+00:00\",\"breadcrumb\":{\"@id\":\"https:\\\/\\\/barista-buddy.com\\\/produkte\\\/sudschublade\\\/#breadcrumb\"},\"inLanguage\":\"en-GB\",\"potentialAction\":[{\"@type\":\"ReadAction\",\"target\":[\"https:\\\/\\\/barista-buddy.com\\\/produkte\\\/sudschublade\\\/\"]}]},{\"@type\":\"ImageObject\",\"inLanguage\":\"en-GB\",\"@id\":\"https:\\\/\\\/barista-buddy.com\\\/produkte\\\/sudschublade\\\/#primaryimage\",\"url\":\"https:\\\/\\\/barista-buddy.com\\\/app\\\/uploads\\\/2024\\\/02\\\/2-6.jpg\",\"contentUrl\":\"https:\\\/\\\/barista-buddy.com\\\/app\\\/uploads\\\/2024\\\/02\\\/2-6.jpg\",\"width\":1000,\"height\":1000},{\"@type\":\"BreadcrumbList\",\"@id\":\"https:\\\/\\\/barista-buddy.com\\\/produkte\\\/sudschublade\\\/#breadcrumb\",\"itemListElement\":[{\"@type\":\"ListItem\",\"position\":1,\"name\":\"Home\",\"item\":\"https:\\\/\\\/barista-buddy.com\\\/\"},{\"@type\":\"ListItem\",\"position\":2,\"name\":\"Shop\",\"item\":\"https:\\\/\\\/barista-buddy.com\\\/shop\\\/\"},{\"@type\":\"ListItem\",\"position\":3,\"name\":\"Sudschublade\"}]},{\"@type\":\"WebSite\",\"@id\":\"https:\\\/\\\/barista-buddy.com\\\/#website\",\"url\":\"https:\\\/\\\/barista-buddy.com\\\/\",\"name\":\"Barista Buddy\",\"description\":\"\",\"potentialAction\":[{\"@type\":\"SearchAction\",\"target\":{\"@type\":\"EntryPoint\",\"urlTemplate\":\"https:\\\/\\\/barista-buddy.com\\\/?s={search_term_string}\"},\"query-input\":{\"@type\":\"PropertyValueSpecification\",\"valueRequired\":true,\"valueName\":\"search_term_string\"}}],\"inLanguage\":\"en-GB\"}]}<\/script>\n<!-- \/ Yoast SEO plugin. -->","yoast_head_json":{"title":"Sudschublade - Barista Buddy","robots":{"index":"index","follow":"follow","max-snippet":"max-snippet:-1","max-image-preview":"max-image-preview:large","max-video-preview":"max-video-preview:-1"},"canonical":"https:\/\/barista-buddy.com\/en\/produkte\/sudschublade\/","og_locale":"en_GB","og_type":"article","og_title":"Sudschublade - Barista Buddy","og_description":"Das Geh\u00e4use unserer Sudschublade besteht 100% aus Edelstahl und ist deshalb sehr stabil und robust. Die Form der inneren Klopfstange, der Gummif\u00fc\u00dfe und des Griffs wurden gew\u00e4hlt um Ger\u00e4usche auf ein Minimum zu reduzieren. Der Abschlagbalken besteht aus speziellem schallabsorbierendem Material. Die Sudschublade kann ganz einfach aus dem Geh\u00e4use genommen werden und unter dem Wasserhahn [&hellip;]","og_url":"https:\/\/barista-buddy.com\/en\/produkte\/sudschublade\/","og_site_name":"Barista Buddy","article_modified_time":"2024-05-06T12:11:03+00:00","og_image":[{"width":1000,"height":1000,"url":"https:\/\/barista-buddy.com\/app\/uploads\/2024\/02\/2-6.jpg","type":"image\/jpeg"}],"twitter_card":"summary_large_image","schema":{"@context":"https:\/\/schema.org","@graph":[{"@type":"WebPage","@id":"https:\/\/barista-buddy.com\/produkte\/sudschublade\/","url":"https:\/\/barista-buddy.com\/produkte\/sudschublade\/","name":"Sudschublade - Barista Buddy","isPartOf":{"@id":"https:\/\/barista-buddy.com\/#website"},"primaryImageOfPage":{"@id":"https:\/\/barista-buddy.com\/produkte\/sudschublade\/#primaryimage"},"image":{"@id":"https:\/\/barista-buddy.com\/produkte\/sudschublade\/#primaryimage"},"thumbnailUrl":"https:\/\/barista-buddy.com\/app\/uploads\/2024\/02\/2-6.jpg","datePublished":"2024-02-21T11:20:54+00:00","dateModified":"2024-05-06T12:11:03+00:00","breadcrumb":{"@id":"https:\/\/barista-buddy.com\/produkte\/sudschublade\/#breadcrumb"},"inLanguage":"en-GB","potentialAction":[{"@type":"ReadAction","target":["https:\/\/barista-buddy.com\/produkte\/sudschublade\/"]}]},{"@type":"ImageObject","inLanguage":"en-GB","@id":"https:\/\/barista-buddy.com\/produkte\/sudschublade\/#primaryimage","url":"https:\/\/barista-buddy.com\/app\/uploads\/2024\/02\/2-6.jpg","contentUrl":"https:\/\/barista-buddy.com\/app\/uploads\/2024\/02\/2-6.jpg","width":1000,"height":1000},{"@type":"BreadcrumbList","@id":"https:\/\/barista-buddy.com\/produkte\/sudschublade\/#breadcrumb","itemListElement":[{"@type":"ListItem","position":1,"name":"Home","item":"https:\/\/barista-buddy.com\/"},{"@type":"ListItem","position":2,"name":"Shop","item":"https:\/\/barista-buddy.com\/shop\/"},{"@type":"ListItem","position":3,"name":"Sudschublade"}]},{"@type":"WebSite","@id":"https:\/\/barista-buddy.com\/#website","url":"https:\/\/barista-buddy.com\/","name":"Barista Buddy","description":"","potentialAction":[{"@type":"SearchAction","target":{"@type":"EntryPoint","urlTemplate":"https:\/\/barista-buddy.com\/?s={search_term_string}"},"query-input":{"@type":"PropertyValueSpecification","valueRequired":true,"valueName":"search_term_string"}}],"inLanguage":"en-GB"}]}},"_links":{"self":[{"href":"https:\/\/barista-buddy.com\/en\/wp-json\/wp\/v2\/product\/399","targetHints":{"allow":["GET"]}}],"collection":[{"href":"https:\/\/barista-buddy.com\/en\/wp-json\/wp\/v2\/product"}],"about":[{"href":"https:\/\/barista-buddy.com\/en\/wp-json\/wp\/v2\/types\/product"}],"replies":[{"embeddable":true,"href":"https:\/\/barista-buddy.com\/en\/wp-json\/wp\/v2\/comments?post=399"}],"wp:featuredmedia":[{"embeddable":true,"href":"https:\/\/barista-buddy.com\/en\/wp-json\/wp\/v2\/media\/409"}],"wp:attachment":[{"href":"https:\/\/barista-buddy.com\/en\/wp-json\/wp\/v2\/media?parent=399"}],"wp:term":[{"taxonomy":"product_brand","embeddable":true,"href":"https:\/\/barista-buddy.com\/en\/wp-json\/wp\/v2\/product_brand?post=399"},{"taxonomy":"product_cat","embeddable":true,"href":"https:\/\/barista-buddy.com\/en\/wp-json\/wp\/v2\/product_cat?post=399"},{"taxonomy":"product_tag","embeddable":true,"href":"https:\/\/barista-buddy.com\/en\/wp-json\/wp\/v2\/product_tag?post=399"}],"curies":[{"name":"wp","href":"https:\/\/api.w.org\/{rel}","templated":true}]}}