{"id":425,"date":"2024-02-21T12:38:51","date_gmt":"2024-02-21T11:38:51","guid":{"rendered":"https:\/\/barista-buddy.com\/?post_type=product&#038;p=425"},"modified":"2024-04-16T15:51:12","modified_gmt":"2024-04-16T13:51:12","slug":"corner-tamper-matte","status":"publish","type":"product","link":"https:\/\/barista-buddy.com\/en\/produkte\/corner-tamper-matte\/","title":{"rendered":"Tamper Matte"},"content":{"rendered":"<p>Unsere Tamper Matte aus Silikon ist rutschfest und super geeignet zum Tampen. Die Aufnahme des Siebtr\u00e4gers an der Tamper Matte passt f\u00fcr \u00fcbliche Siebtr\u00e4ger der E61 Br\u00fchgruppe, aber auch f\u00fcr andere Siebtr\u00e4gergr\u00f6\u00dfen. Auch beim Tampen selbst rutschen Sie durch das Silikon nicht von der Matte ab, bleiben stabil und k\u00f6nnen gerade tampen. Die Tamper Matte ist eine platzsparende und g\u00fcnstigere Alternative zu den klassischen Tamping Stations.<\/p>","protected":false},"excerpt":{"rendered":"<p>Unsere Tamper Matte aus Silikon ist rutschfest und super geeignet zum Tampen. Die Aufnahme des Siebtr\u00e4gers an der Tamper Matte passt f\u00fcr \u00fcbliche Siebtr\u00e4ger der E61 Br\u00fchgruppe, aber auch f\u00fcr andere Siebtr\u00e4gergr\u00f6\u00dfen. Auch beim Tampen selbst rutschen Sie durch das Silikon nicht von der Matte ab, bleiben stabil und k\u00f6nnen gerade tampen. Die Tamper Matte [&hellip;]<\/p>\n","protected":false},"featured_media":427,"comment_status":"open","ping_status":"closed","template":"","meta":{"_acf_changed":false},"product_brand":[],"product_cat":[104,110,49],"product_tag":[],"class_list":{"0":"post-425","1":"product","2":"type-product","3":"status-publish","4":"has-post-thumbnail","6":"product_cat-barista","7":"product_cat-reinigung","8":"product_cat-zubehoer","10":"first","11":"instock","12":"taxable","13":"shipping-taxable","14":"purchasable","15":"product-type-simple"},"acf":[],"yoast_head":"<!-- This site is optimized with the Yoast SEO plugin v27.4 - https:\/\/yoast.com\/product\/yoast-seo-wordpress\/ -->\n<title>Tamper Matte - Barista Buddy<\/title>\n<meta name=\"robots\" content=\"index, follow, max-snippet:-1, max-image-preview:large, max-video-preview:-1\" \/>\n<link rel=\"canonical\" href=\"https:\/\/barista-buddy.com\/en\/produkte\/corner-tamper-matte\/\" \/>\n<meta property=\"og:locale\" content=\"en_GB\" \/>\n<meta property=\"og:type\" content=\"article\" \/>\n<meta property=\"og:title\" content=\"Tamper Matte - Barista Buddy\" \/>\n<meta property=\"og:description\" content=\"Unsere Tamper Matte aus Silikon ist rutschfest und super geeignet zum Tampen. Die Aufnahme des Siebtr\u00e4gers an der Tamper Matte passt f\u00fcr \u00fcbliche Siebtr\u00e4ger der E61 Br\u00fchgruppe, aber auch f\u00fcr andere Siebtr\u00e4gergr\u00f6\u00dfen. Auch beim Tampen selbst rutschen Sie durch das Silikon nicht von der Matte ab, bleiben stabil und k\u00f6nnen gerade tampen. Die Tamper Matte [&hellip;]\" \/>\n<meta property=\"og:url\" content=\"https:\/\/barista-buddy.com\/en\/produkte\/corner-tamper-matte\/\" \/>\n<meta property=\"og:site_name\" content=\"Barista Buddy\" \/>\n<meta property=\"article:modified_time\" content=\"2024-04-16T13:51:12+00:00\" \/>\n<meta property=\"og:image\" content=\"https:\/\/barista-buddy.com\/app\/uploads\/2024\/02\/2-7.jpg\" \/>\n\t<meta property=\"og:image:width\" content=\"800\" \/>\n\t<meta property=\"og:image:height\" content=\"800\" \/>\n\t<meta property=\"og:image:type\" content=\"image\/jpeg\" \/>\n<meta name=\"twitter:card\" content=\"summary_large_image\" \/>\n<script type=\"application\/ld+json\" class=\"yoast-schema-graph\">{\"@context\":\"https:\\\/\\\/schema.org\",\"@graph\":[{\"@type\":\"WebPage\",\"@id\":\"https:\\\/\\\/barista-buddy.com\\\/produkte\\\/corner-tamper-matte\\\/\",\"url\":\"https:\\\/\\\/barista-buddy.com\\\/produkte\\\/corner-tamper-matte\\\/\",\"name\":\"Tamper Matte - Barista Buddy\",\"isPartOf\":{\"@id\":\"https:\\\/\\\/barista-buddy.com\\\/#website\"},\"primaryImageOfPage\":{\"@id\":\"https:\\\/\\\/barista-buddy.com\\\/produkte\\\/corner-tamper-matte\\\/#primaryimage\"},\"image\":{\"@id\":\"https:\\\/\\\/barista-buddy.com\\\/produkte\\\/corner-tamper-matte\\\/#primaryimage\"},\"thumbnailUrl\":\"https:\\\/\\\/barista-buddy.com\\\/app\\\/uploads\\\/2024\\\/02\\\/2-7.jpg\",\"datePublished\":\"2024-02-21T11:38:51+00:00\",\"dateModified\":\"2024-04-16T13:51:12+00:00\",\"breadcrumb\":{\"@id\":\"https:\\\/\\\/barista-buddy.com\\\/produkte\\\/corner-tamper-matte\\\/#breadcrumb\"},\"inLanguage\":\"en-GB\",\"potentialAction\":[{\"@type\":\"ReadAction\",\"target\":[\"https:\\\/\\\/barista-buddy.com\\\/produkte\\\/corner-tamper-matte\\\/\"]}]},{\"@type\":\"ImageObject\",\"inLanguage\":\"en-GB\",\"@id\":\"https:\\\/\\\/barista-buddy.com\\\/produkte\\\/corner-tamper-matte\\\/#primaryimage\",\"url\":\"https:\\\/\\\/barista-buddy.com\\\/app\\\/uploads\\\/2024\\\/02\\\/2-7.jpg\",\"contentUrl\":\"https:\\\/\\\/barista-buddy.com\\\/app\\\/uploads\\\/2024\\\/02\\\/2-7.jpg\",\"width\":800,\"height\":800},{\"@type\":\"BreadcrumbList\",\"@id\":\"https:\\\/\\\/barista-buddy.com\\\/produkte\\\/corner-tamper-matte\\\/#breadcrumb\",\"itemListElement\":[{\"@type\":\"ListItem\",\"position\":1,\"name\":\"Home\",\"item\":\"https:\\\/\\\/barista-buddy.com\\\/\"},{\"@type\":\"ListItem\",\"position\":2,\"name\":\"Shop\",\"item\":\"https:\\\/\\\/barista-buddy.com\\\/shop\\\/\"},{\"@type\":\"ListItem\",\"position\":3,\"name\":\"Tamper Matte\"}]},{\"@type\":\"WebSite\",\"@id\":\"https:\\\/\\\/barista-buddy.com\\\/#website\",\"url\":\"https:\\\/\\\/barista-buddy.com\\\/\",\"name\":\"Barista Buddy\",\"description\":\"\",\"potentialAction\":[{\"@type\":\"SearchAction\",\"target\":{\"@type\":\"EntryPoint\",\"urlTemplate\":\"https:\\\/\\\/barista-buddy.com\\\/?s={search_term_string}\"},\"query-input\":{\"@type\":\"PropertyValueSpecification\",\"valueRequired\":true,\"valueName\":\"search_term_string\"}}],\"inLanguage\":\"en-GB\"}]}<\/script>\n<!-- \/ Yoast SEO plugin. -->","yoast_head_json":{"title":"Tamper Matte - Barista Buddy","robots":{"index":"index","follow":"follow","max-snippet":"max-snippet:-1","max-image-preview":"max-image-preview:large","max-video-preview":"max-video-preview:-1"},"canonical":"https:\/\/barista-buddy.com\/en\/produkte\/corner-tamper-matte\/","og_locale":"en_GB","og_type":"article","og_title":"Tamper Matte - Barista Buddy","og_description":"Unsere Tamper Matte aus Silikon ist rutschfest und super geeignet zum Tampen. Die Aufnahme des Siebtr\u00e4gers an der Tamper Matte passt f\u00fcr \u00fcbliche Siebtr\u00e4ger der E61 Br\u00fchgruppe, aber auch f\u00fcr andere Siebtr\u00e4gergr\u00f6\u00dfen. Auch beim Tampen selbst rutschen Sie durch das Silikon nicht von der Matte ab, bleiben stabil und k\u00f6nnen gerade tampen. Die Tamper Matte [&hellip;]","og_url":"https:\/\/barista-buddy.com\/en\/produkte\/corner-tamper-matte\/","og_site_name":"Barista Buddy","article_modified_time":"2024-04-16T13:51:12+00:00","og_image":[{"width":800,"height":800,"url":"https:\/\/barista-buddy.com\/app\/uploads\/2024\/02\/2-7.jpg","type":"image\/jpeg"}],"twitter_card":"summary_large_image","schema":{"@context":"https:\/\/schema.org","@graph":[{"@type":"WebPage","@id":"https:\/\/barista-buddy.com\/produkte\/corner-tamper-matte\/","url":"https:\/\/barista-buddy.com\/produkte\/corner-tamper-matte\/","name":"Tamper Matte - Barista Buddy","isPartOf":{"@id":"https:\/\/barista-buddy.com\/#website"},"primaryImageOfPage":{"@id":"https:\/\/barista-buddy.com\/produkte\/corner-tamper-matte\/#primaryimage"},"image":{"@id":"https:\/\/barista-buddy.com\/produkte\/corner-tamper-matte\/#primaryimage"},"thumbnailUrl":"https:\/\/barista-buddy.com\/app\/uploads\/2024\/02\/2-7.jpg","datePublished":"2024-02-21T11:38:51+00:00","dateModified":"2024-04-16T13:51:12+00:00","breadcrumb":{"@id":"https:\/\/barista-buddy.com\/produkte\/corner-tamper-matte\/#breadcrumb"},"inLanguage":"en-GB","potentialAction":[{"@type":"ReadAction","target":["https:\/\/barista-buddy.com\/produkte\/corner-tamper-matte\/"]}]},{"@type":"ImageObject","inLanguage":"en-GB","@id":"https:\/\/barista-buddy.com\/produkte\/corner-tamper-matte\/#primaryimage","url":"https:\/\/barista-buddy.com\/app\/uploads\/2024\/02\/2-7.jpg","contentUrl":"https:\/\/barista-buddy.com\/app\/uploads\/2024\/02\/2-7.jpg","width":800,"height":800},{"@type":"BreadcrumbList","@id":"https:\/\/barista-buddy.com\/produkte\/corner-tamper-matte\/#breadcrumb","itemListElement":[{"@type":"ListItem","position":1,"name":"Home","item":"https:\/\/barista-buddy.com\/"},{"@type":"ListItem","position":2,"name":"Shop","item":"https:\/\/barista-buddy.com\/shop\/"},{"@type":"ListItem","position":3,"name":"Tamper Matte"}]},{"@type":"WebSite","@id":"https:\/\/barista-buddy.com\/#website","url":"https:\/\/barista-buddy.com\/","name":"Barista Buddy","description":"","potentialAction":[{"@type":"SearchAction","target":{"@type":"EntryPoint","urlTemplate":"https:\/\/barista-buddy.com\/?s={search_term_string}"},"query-input":{"@type":"PropertyValueSpecification","valueRequired":true,"valueName":"search_term_string"}}],"inLanguage":"en-GB"}]}},"_links":{"self":[{"href":"https:\/\/barista-buddy.com\/en\/wp-json\/wp\/v2\/product\/425","targetHints":{"allow":["GET"]}}],"collection":[{"href":"https:\/\/barista-buddy.com\/en\/wp-json\/wp\/v2\/product"}],"about":[{"href":"https:\/\/barista-buddy.com\/en\/wp-json\/wp\/v2\/types\/product"}],"replies":[{"embeddable":true,"href":"https:\/\/barista-buddy.com\/en\/wp-json\/wp\/v2\/comments?post=425"}],"wp:featuredmedia":[{"embeddable":true,"href":"https:\/\/barista-buddy.com\/en\/wp-json\/wp\/v2\/media\/427"}],"wp:attachment":[{"href":"https:\/\/barista-buddy.com\/en\/wp-json\/wp\/v2\/media?parent=425"}],"wp:term":[{"taxonomy":"product_brand","embeddable":true,"href":"https:\/\/barista-buddy.com\/en\/wp-json\/wp\/v2\/product_brand?post=425"},{"taxonomy":"product_cat","embeddable":true,"href":"https:\/\/barista-buddy.com\/en\/wp-json\/wp\/v2\/product_cat?post=425"},{"taxonomy":"product_tag","embeddable":true,"href":"https:\/\/barista-buddy.com\/en\/wp-json\/wp\/v2\/product_tag?post=425"}],"curies":[{"name":"wp","href":"https:\/\/api.w.org\/{rel}","templated":true}]}}