{"id":429,"date":"2024-02-21T12:59:40","date_gmt":"2024-02-21T11:59:40","guid":{"rendered":"https:\/\/barista-buddy.com\/?post_type=product&#038;p=429"},"modified":"2024-04-16T15:32:57","modified_gmt":"2024-04-16T13:32:57","slug":"reinigungssiebtraeger","status":"publish","type":"product","link":"https:\/\/barista-buddy.com\/en\/produkte\/reinigungssiebtraeger\/","title":{"rendered":"Reinigungssiebtr\u00e4ger"},"content":{"rendered":"<p>Unser Reinigungssiebtr\u00e4ger ist mit Silikonf\u00fchlern ausgestattet und kommt damit selbst in die letzte Ecke der Br\u00fchgruppe um Kaffeefette\/Kaffee\u00f6le zu entfernen und einen alten, ranzigen Kaffeegeschmack zu vermeiden. F\u00fcllen Sie den Reinigungssiebtr\u00e4ger mit Reinigungspulver und spannen Sie diesen, wie bei der normalen Br\u00fchgruppenreinigung mit Blindsieb, in die Br\u00fchgruppe ein und f\u00fchren Sie die Reinigung durch. Mit einem Durchmesser von 58 mm ist der Reinigungssiebtr\u00e4ger ideal f\u00fcr alle Siebtr\u00e4ger mit der E61 Br\u00fchgruppe geeignet. Davon betroffen sind bspw. folgende Espressomaschinen Hersteller: Rocket, ECM, Bellezza, Bezzera uvm.<\/p>","protected":false},"excerpt":{"rendered":"<p>Unser Reinigungssiebtr\u00e4ger ist mit Silikonf\u00fchlern ausgestattet und kommt damit selbst in die letzte Ecke der Br\u00fchgruppe um Kaffeefette\/Kaffee\u00f6le zu entfernen und einen alten, ranzigen Kaffeegeschmack zu vermeiden. F\u00fcllen Sie den Reinigungssiebtr\u00e4ger mit Reinigungspulver und spannen Sie diesen, wie bei der normalen Br\u00fchgruppenreinigung mit Blindsieb, in die Br\u00fchgruppe ein und f\u00fchren Sie die Reinigung durch. Mit [&hellip;]<\/p>\n","protected":false},"featured_media":436,"comment_status":"open","ping_status":"closed","template":"","meta":{"_acf_changed":false},"product_brand":[],"product_cat":[110,49],"product_tag":[],"class_list":{"0":"post-429","1":"product","2":"type-product","3":"status-publish","4":"has-post-thumbnail","6":"product_cat-reinigung","7":"product_cat-zubehoer","9":"first","10":"instock","11":"taxable","12":"shipping-taxable","13":"purchasable","14":"product-type-variable","15":"has-default-attributes"},"acf":[],"yoast_head":"<!-- This site is optimized with the Yoast SEO plugin v27.4 - https:\/\/yoast.com\/product\/yoast-seo-wordpress\/ -->\n<title>Reinigungssiebtr\u00e4ger - Barista Buddy<\/title>\n<meta name=\"robots\" content=\"index, follow, max-snippet:-1, max-image-preview:large, max-video-preview:-1\" \/>\n<link rel=\"canonical\" href=\"https:\/\/barista-buddy.com\/en\/produkte\/reinigungssiebtraeger\/\" \/>\n<meta property=\"og:locale\" content=\"en_GB\" \/>\n<meta property=\"og:type\" content=\"article\" \/>\n<meta property=\"og:title\" content=\"Reinigungssiebtr\u00e4ger - Barista Buddy\" \/>\n<meta property=\"og:description\" content=\"Unser Reinigungssiebtr\u00e4ger ist mit Silikonf\u00fchlern ausgestattet und kommt damit selbst in die letzte Ecke der Br\u00fchgruppe um Kaffeefette\/Kaffee\u00f6le zu entfernen und einen alten, ranzigen Kaffeegeschmack zu vermeiden. F\u00fcllen Sie den Reinigungssiebtr\u00e4ger mit Reinigungspulver und spannen Sie diesen, wie bei der normalen Br\u00fchgruppenreinigung mit Blindsieb, in die Br\u00fchgruppe ein und f\u00fchren Sie die Reinigung durch. Mit [&hellip;]\" \/>\n<meta property=\"og:url\" content=\"https:\/\/barista-buddy.com\/en\/produkte\/reinigungssiebtraeger\/\" \/>\n<meta property=\"og:site_name\" content=\"Barista Buddy\" \/>\n<meta property=\"article:modified_time\" content=\"2024-04-16T13:32:57+00:00\" \/>\n<meta property=\"og:image\" content=\"https:\/\/barista-buddy.com\/app\/uploads\/2024\/02\/cleaner-7.jpg\" \/>\n\t<meta property=\"og:image:width\" content=\"1000\" \/>\n\t<meta property=\"og:image:height\" content=\"1000\" \/>\n\t<meta property=\"og:image:type\" content=\"image\/jpeg\" \/>\n<meta name=\"twitter:card\" content=\"summary_large_image\" \/>\n<script type=\"application\/ld+json\" class=\"yoast-schema-graph\">{\"@context\":\"https:\\\/\\\/schema.org\",\"@graph\":[{\"@type\":\"WebPage\",\"@id\":\"https:\\\/\\\/barista-buddy.com\\\/produkte\\\/reinigungssiebtraeger\\\/\",\"url\":\"https:\\\/\\\/barista-buddy.com\\\/produkte\\\/reinigungssiebtraeger\\\/\",\"name\":\"Reinigungssiebtr\u00e4ger - Barista Buddy\",\"isPartOf\":{\"@id\":\"https:\\\/\\\/barista-buddy.com\\\/#website\"},\"primaryImageOfPage\":{\"@id\":\"https:\\\/\\\/barista-buddy.com\\\/produkte\\\/reinigungssiebtraeger\\\/#primaryimage\"},\"image\":{\"@id\":\"https:\\\/\\\/barista-buddy.com\\\/produkte\\\/reinigungssiebtraeger\\\/#primaryimage\"},\"thumbnailUrl\":\"https:\\\/\\\/barista-buddy.com\\\/app\\\/uploads\\\/2024\\\/02\\\/cleaner-7.jpg\",\"datePublished\":\"2024-02-21T11:59:40+00:00\",\"dateModified\":\"2024-04-16T13:32:57+00:00\",\"breadcrumb\":{\"@id\":\"https:\\\/\\\/barista-buddy.com\\\/produkte\\\/reinigungssiebtraeger\\\/#breadcrumb\"},\"inLanguage\":\"en-GB\",\"potentialAction\":[{\"@type\":\"ReadAction\",\"target\":[\"https:\\\/\\\/barista-buddy.com\\\/produkte\\\/reinigungssiebtraeger\\\/\"]}]},{\"@type\":\"ImageObject\",\"inLanguage\":\"en-GB\",\"@id\":\"https:\\\/\\\/barista-buddy.com\\\/produkte\\\/reinigungssiebtraeger\\\/#primaryimage\",\"url\":\"https:\\\/\\\/barista-buddy.com\\\/app\\\/uploads\\\/2024\\\/02\\\/cleaner-7.jpg\",\"contentUrl\":\"https:\\\/\\\/barista-buddy.com\\\/app\\\/uploads\\\/2024\\\/02\\\/cleaner-7.jpg\",\"width\":1000,\"height\":1000},{\"@type\":\"BreadcrumbList\",\"@id\":\"https:\\\/\\\/barista-buddy.com\\\/produkte\\\/reinigungssiebtraeger\\\/#breadcrumb\",\"itemListElement\":[{\"@type\":\"ListItem\",\"position\":1,\"name\":\"Home\",\"item\":\"https:\\\/\\\/barista-buddy.com\\\/\"},{\"@type\":\"ListItem\",\"position\":2,\"name\":\"Shop\",\"item\":\"https:\\\/\\\/barista-buddy.com\\\/shop\\\/\"},{\"@type\":\"ListItem\",\"position\":3,\"name\":\"Reinigungssiebtr\u00e4ger\"}]},{\"@type\":\"WebSite\",\"@id\":\"https:\\\/\\\/barista-buddy.com\\\/#website\",\"url\":\"https:\\\/\\\/barista-buddy.com\\\/\",\"name\":\"Barista Buddy\",\"description\":\"\",\"potentialAction\":[{\"@type\":\"SearchAction\",\"target\":{\"@type\":\"EntryPoint\",\"urlTemplate\":\"https:\\\/\\\/barista-buddy.com\\\/?s={search_term_string}\"},\"query-input\":{\"@type\":\"PropertyValueSpecification\",\"valueRequired\":true,\"valueName\":\"search_term_string\"}}],\"inLanguage\":\"en-GB\"}]}<\/script>\n<!-- \/ Yoast SEO plugin. -->","yoast_head_json":{"title":"Reinigungssiebtr\u00e4ger - Barista Buddy","robots":{"index":"index","follow":"follow","max-snippet":"max-snippet:-1","max-image-preview":"max-image-preview:large","max-video-preview":"max-video-preview:-1"},"canonical":"https:\/\/barista-buddy.com\/en\/produkte\/reinigungssiebtraeger\/","og_locale":"en_GB","og_type":"article","og_title":"Reinigungssiebtr\u00e4ger - Barista Buddy","og_description":"Unser Reinigungssiebtr\u00e4ger ist mit Silikonf\u00fchlern ausgestattet und kommt damit selbst in die letzte Ecke der Br\u00fchgruppe um Kaffeefette\/Kaffee\u00f6le zu entfernen und einen alten, ranzigen Kaffeegeschmack zu vermeiden. F\u00fcllen Sie den Reinigungssiebtr\u00e4ger mit Reinigungspulver und spannen Sie diesen, wie bei der normalen Br\u00fchgruppenreinigung mit Blindsieb, in die Br\u00fchgruppe ein und f\u00fchren Sie die Reinigung durch. Mit [&hellip;]","og_url":"https:\/\/barista-buddy.com\/en\/produkte\/reinigungssiebtraeger\/","og_site_name":"Barista Buddy","article_modified_time":"2024-04-16T13:32:57+00:00","og_image":[{"width":1000,"height":1000,"url":"https:\/\/barista-buddy.com\/app\/uploads\/2024\/02\/cleaner-7.jpg","type":"image\/jpeg"}],"twitter_card":"summary_large_image","schema":{"@context":"https:\/\/schema.org","@graph":[{"@type":"WebPage","@id":"https:\/\/barista-buddy.com\/produkte\/reinigungssiebtraeger\/","url":"https:\/\/barista-buddy.com\/produkte\/reinigungssiebtraeger\/","name":"Reinigungssiebtr\u00e4ger - Barista Buddy","isPartOf":{"@id":"https:\/\/barista-buddy.com\/#website"},"primaryImageOfPage":{"@id":"https:\/\/barista-buddy.com\/produkte\/reinigungssiebtraeger\/#primaryimage"},"image":{"@id":"https:\/\/barista-buddy.com\/produkte\/reinigungssiebtraeger\/#primaryimage"},"thumbnailUrl":"https:\/\/barista-buddy.com\/app\/uploads\/2024\/02\/cleaner-7.jpg","datePublished":"2024-02-21T11:59:40+00:00","dateModified":"2024-04-16T13:32:57+00:00","breadcrumb":{"@id":"https:\/\/barista-buddy.com\/produkte\/reinigungssiebtraeger\/#breadcrumb"},"inLanguage":"en-GB","potentialAction":[{"@type":"ReadAction","target":["https:\/\/barista-buddy.com\/produkte\/reinigungssiebtraeger\/"]}]},{"@type":"ImageObject","inLanguage":"en-GB","@id":"https:\/\/barista-buddy.com\/produkte\/reinigungssiebtraeger\/#primaryimage","url":"https:\/\/barista-buddy.com\/app\/uploads\/2024\/02\/cleaner-7.jpg","contentUrl":"https:\/\/barista-buddy.com\/app\/uploads\/2024\/02\/cleaner-7.jpg","width":1000,"height":1000},{"@type":"BreadcrumbList","@id":"https:\/\/barista-buddy.com\/produkte\/reinigungssiebtraeger\/#breadcrumb","itemListElement":[{"@type":"ListItem","position":1,"name":"Home","item":"https:\/\/barista-buddy.com\/"},{"@type":"ListItem","position":2,"name":"Shop","item":"https:\/\/barista-buddy.com\/shop\/"},{"@type":"ListItem","position":3,"name":"Reinigungssiebtr\u00e4ger"}]},{"@type":"WebSite","@id":"https:\/\/barista-buddy.com\/#website","url":"https:\/\/barista-buddy.com\/","name":"Barista Buddy","description":"","potentialAction":[{"@type":"SearchAction","target":{"@type":"EntryPoint","urlTemplate":"https:\/\/barista-buddy.com\/?s={search_term_string}"},"query-input":{"@type":"PropertyValueSpecification","valueRequired":true,"valueName":"search_term_string"}}],"inLanguage":"en-GB"}]}},"_links":{"self":[{"href":"https:\/\/barista-buddy.com\/en\/wp-json\/wp\/v2\/product\/429","targetHints":{"allow":["GET"]}}],"collection":[{"href":"https:\/\/barista-buddy.com\/en\/wp-json\/wp\/v2\/product"}],"about":[{"href":"https:\/\/barista-buddy.com\/en\/wp-json\/wp\/v2\/types\/product"}],"replies":[{"embeddable":true,"href":"https:\/\/barista-buddy.com\/en\/wp-json\/wp\/v2\/comments?post=429"}],"wp:featuredmedia":[{"embeddable":true,"href":"https:\/\/barista-buddy.com\/en\/wp-json\/wp\/v2\/media\/436"}],"wp:attachment":[{"href":"https:\/\/barista-buddy.com\/en\/wp-json\/wp\/v2\/media?parent=429"}],"wp:term":[{"taxonomy":"product_brand","embeddable":true,"href":"https:\/\/barista-buddy.com\/en\/wp-json\/wp\/v2\/product_brand?post=429"},{"taxonomy":"product_cat","embeddable":true,"href":"https:\/\/barista-buddy.com\/en\/wp-json\/wp\/v2\/product_cat?post=429"},{"taxonomy":"product_tag","embeddable":true,"href":"https:\/\/barista-buddy.com\/en\/wp-json\/wp\/v2\/product_tag?post=429"}],"curies":[{"name":"wp","href":"https:\/\/api.w.org\/{rel}","templated":true}]}}