{"id":441,"date":"2024-02-21T13:04:23","date_gmt":"2024-02-21T12:04:23","guid":{"rendered":"https:\/\/barista-buddy.com\/?post_type=product&#038;p=441"},"modified":"2024-04-16T15:32:32","modified_gmt":"2024-04-16T13:32:32","slug":"heisswasserkanne","status":"publish","type":"product","link":"https:\/\/barista-buddy.com\/en\/produkte\/heisswasserkanne\/","title":{"rendered":"Heisswasserkanne"},"content":{"rendered":"<p>Die Pour Over Hei\u00dfwasserkanne ist aus rostfreiem Edelstahl, sehr robust und langlebig. Sie ist sowohl f\u00fcr den professionellen Einsatz in der Kaffeebar, wie f\u00fcr den Privatgebrauch bestens geeignet. Durch den handlichen Griff und das leichte Gewicht ist f\u00fcr jeden Anwender ein perfektes Handling garantiert. Der lange Hals \/ lange Auslauf sorgt daf\u00fcr, dass das Wasser sehr pr\u00e4zise und gleichm\u00e4\u00dfig ausgeschenkt werden kann.<\/p>","protected":false},"excerpt":{"rendered":"<p>Die Pour Over Hei\u00dfwasserkanne ist aus rostfreiem Edelstahl, sehr robust und langlebig. Sie ist sowohl f\u00fcr den professionellen Einsatz in der Kaffeebar, wie f\u00fcr den Privatgebrauch bestens geeignet. Durch den handlichen Griff und das leichte Gewicht ist f\u00fcr jeden Anwender ein perfektes Handling garantiert. Der lange Hals \/ lange Auslauf sorgt daf\u00fcr, dass das Wasser [&hellip;]<\/p>\n","protected":false},"featured_media":442,"comment_status":"open","ping_status":"closed","template":"","meta":{"_acf_changed":false},"product_brand":[],"product_cat":[49],"product_tag":[],"class_list":{"0":"post-441","1":"product","2":"type-product","3":"status-publish","4":"has-post-thumbnail","6":"product_cat-zubehoer","8":"first","9":"instock","10":"taxable","11":"shipping-taxable","12":"purchasable","13":"product-type-simple"},"acf":[],"yoast_head":"<!-- This site is optimized with the Yoast SEO plugin v27.4 - https:\/\/yoast.com\/product\/yoast-seo-wordpress\/ -->\n<title>Heisswasserkanne - Barista Buddy<\/title>\n<meta name=\"robots\" content=\"index, follow, max-snippet:-1, max-image-preview:large, max-video-preview:-1\" \/>\n<link rel=\"canonical\" href=\"https:\/\/barista-buddy.com\/en\/produkte\/heisswasserkanne\/\" \/>\n<meta property=\"og:locale\" content=\"en_GB\" \/>\n<meta property=\"og:type\" content=\"article\" \/>\n<meta property=\"og:title\" content=\"Heisswasserkanne - Barista Buddy\" \/>\n<meta property=\"og:description\" content=\"Die Pour Over Hei\u00dfwasserkanne ist aus rostfreiem Edelstahl, sehr robust und langlebig. Sie ist sowohl f\u00fcr den professionellen Einsatz in der Kaffeebar, wie f\u00fcr den Privatgebrauch bestens geeignet. Durch den handlichen Griff und das leichte Gewicht ist f\u00fcr jeden Anwender ein perfektes Handling garantiert. Der lange Hals \/ lange Auslauf sorgt daf\u00fcr, dass das Wasser [&hellip;]\" \/>\n<meta property=\"og:url\" content=\"https:\/\/barista-buddy.com\/en\/produkte\/heisswasserkanne\/\" \/>\n<meta property=\"og:site_name\" content=\"Barista Buddy\" \/>\n<meta property=\"article:modified_time\" content=\"2024-04-16T13:32:32+00:00\" \/>\n<meta property=\"og:image\" content=\"https:\/\/barista-buddy.com\/app\/uploads\/2024\/02\/1-8.jpg\" \/>\n\t<meta property=\"og:image:width\" content=\"1000\" \/>\n\t<meta property=\"og:image:height\" content=\"1000\" \/>\n\t<meta property=\"og:image:type\" content=\"image\/jpeg\" \/>\n<meta name=\"twitter:card\" content=\"summary_large_image\" \/>\n<script type=\"application\/ld+json\" class=\"yoast-schema-graph\">{\"@context\":\"https:\\\/\\\/schema.org\",\"@graph\":[{\"@type\":\"WebPage\",\"@id\":\"https:\\\/\\\/barista-buddy.com\\\/produkte\\\/heisswasserkanne\\\/\",\"url\":\"https:\\\/\\\/barista-buddy.com\\\/produkte\\\/heisswasserkanne\\\/\",\"name\":\"Heisswasserkanne - Barista Buddy\",\"isPartOf\":{\"@id\":\"https:\\\/\\\/barista-buddy.com\\\/#website\"},\"primaryImageOfPage\":{\"@id\":\"https:\\\/\\\/barista-buddy.com\\\/produkte\\\/heisswasserkanne\\\/#primaryimage\"},\"image\":{\"@id\":\"https:\\\/\\\/barista-buddy.com\\\/produkte\\\/heisswasserkanne\\\/#primaryimage\"},\"thumbnailUrl\":\"https:\\\/\\\/barista-buddy.com\\\/app\\\/uploads\\\/2024\\\/02\\\/1-8.jpg\",\"datePublished\":\"2024-02-21T12:04:23+00:00\",\"dateModified\":\"2024-04-16T13:32:32+00:00\",\"breadcrumb\":{\"@id\":\"https:\\\/\\\/barista-buddy.com\\\/produkte\\\/heisswasserkanne\\\/#breadcrumb\"},\"inLanguage\":\"en-GB\",\"potentialAction\":[{\"@type\":\"ReadAction\",\"target\":[\"https:\\\/\\\/barista-buddy.com\\\/produkte\\\/heisswasserkanne\\\/\"]}]},{\"@type\":\"ImageObject\",\"inLanguage\":\"en-GB\",\"@id\":\"https:\\\/\\\/barista-buddy.com\\\/produkte\\\/heisswasserkanne\\\/#primaryimage\",\"url\":\"https:\\\/\\\/barista-buddy.com\\\/app\\\/uploads\\\/2024\\\/02\\\/1-8.jpg\",\"contentUrl\":\"https:\\\/\\\/barista-buddy.com\\\/app\\\/uploads\\\/2024\\\/02\\\/1-8.jpg\",\"width\":1000,\"height\":1000},{\"@type\":\"BreadcrumbList\",\"@id\":\"https:\\\/\\\/barista-buddy.com\\\/produkte\\\/heisswasserkanne\\\/#breadcrumb\",\"itemListElement\":[{\"@type\":\"ListItem\",\"position\":1,\"name\":\"Home\",\"item\":\"https:\\\/\\\/barista-buddy.com\\\/\"},{\"@type\":\"ListItem\",\"position\":2,\"name\":\"Shop\",\"item\":\"https:\\\/\\\/barista-buddy.com\\\/shop\\\/\"},{\"@type\":\"ListItem\",\"position\":3,\"name\":\"Heisswasserkanne\"}]},{\"@type\":\"WebSite\",\"@id\":\"https:\\\/\\\/barista-buddy.com\\\/#website\",\"url\":\"https:\\\/\\\/barista-buddy.com\\\/\",\"name\":\"Barista Buddy\",\"description\":\"\",\"potentialAction\":[{\"@type\":\"SearchAction\",\"target\":{\"@type\":\"EntryPoint\",\"urlTemplate\":\"https:\\\/\\\/barista-buddy.com\\\/?s={search_term_string}\"},\"query-input\":{\"@type\":\"PropertyValueSpecification\",\"valueRequired\":true,\"valueName\":\"search_term_string\"}}],\"inLanguage\":\"en-GB\"}]}<\/script>\n<!-- \/ Yoast SEO plugin. -->","yoast_head_json":{"title":"Heisswasserkanne - Barista Buddy","robots":{"index":"index","follow":"follow","max-snippet":"max-snippet:-1","max-image-preview":"max-image-preview:large","max-video-preview":"max-video-preview:-1"},"canonical":"https:\/\/barista-buddy.com\/en\/produkte\/heisswasserkanne\/","og_locale":"en_GB","og_type":"article","og_title":"Heisswasserkanne - Barista Buddy","og_description":"Die Pour Over Hei\u00dfwasserkanne ist aus rostfreiem Edelstahl, sehr robust und langlebig. Sie ist sowohl f\u00fcr den professionellen Einsatz in der Kaffeebar, wie f\u00fcr den Privatgebrauch bestens geeignet. Durch den handlichen Griff und das leichte Gewicht ist f\u00fcr jeden Anwender ein perfektes Handling garantiert. Der lange Hals \/ lange Auslauf sorgt daf\u00fcr, dass das Wasser [&hellip;]","og_url":"https:\/\/barista-buddy.com\/en\/produkte\/heisswasserkanne\/","og_site_name":"Barista Buddy","article_modified_time":"2024-04-16T13:32:32+00:00","og_image":[{"width":1000,"height":1000,"url":"https:\/\/barista-buddy.com\/app\/uploads\/2024\/02\/1-8.jpg","type":"image\/jpeg"}],"twitter_card":"summary_large_image","schema":{"@context":"https:\/\/schema.org","@graph":[{"@type":"WebPage","@id":"https:\/\/barista-buddy.com\/produkte\/heisswasserkanne\/","url":"https:\/\/barista-buddy.com\/produkte\/heisswasserkanne\/","name":"Heisswasserkanne - Barista Buddy","isPartOf":{"@id":"https:\/\/barista-buddy.com\/#website"},"primaryImageOfPage":{"@id":"https:\/\/barista-buddy.com\/produkte\/heisswasserkanne\/#primaryimage"},"image":{"@id":"https:\/\/barista-buddy.com\/produkte\/heisswasserkanne\/#primaryimage"},"thumbnailUrl":"https:\/\/barista-buddy.com\/app\/uploads\/2024\/02\/1-8.jpg","datePublished":"2024-02-21T12:04:23+00:00","dateModified":"2024-04-16T13:32:32+00:00","breadcrumb":{"@id":"https:\/\/barista-buddy.com\/produkte\/heisswasserkanne\/#breadcrumb"},"inLanguage":"en-GB","potentialAction":[{"@type":"ReadAction","target":["https:\/\/barista-buddy.com\/produkte\/heisswasserkanne\/"]}]},{"@type":"ImageObject","inLanguage":"en-GB","@id":"https:\/\/barista-buddy.com\/produkte\/heisswasserkanne\/#primaryimage","url":"https:\/\/barista-buddy.com\/app\/uploads\/2024\/02\/1-8.jpg","contentUrl":"https:\/\/barista-buddy.com\/app\/uploads\/2024\/02\/1-8.jpg","width":1000,"height":1000},{"@type":"BreadcrumbList","@id":"https:\/\/barista-buddy.com\/produkte\/heisswasserkanne\/#breadcrumb","itemListElement":[{"@type":"ListItem","position":1,"name":"Home","item":"https:\/\/barista-buddy.com\/"},{"@type":"ListItem","position":2,"name":"Shop","item":"https:\/\/barista-buddy.com\/shop\/"},{"@type":"ListItem","position":3,"name":"Heisswasserkanne"}]},{"@type":"WebSite","@id":"https:\/\/barista-buddy.com\/#website","url":"https:\/\/barista-buddy.com\/","name":"Barista Buddy","description":"","potentialAction":[{"@type":"SearchAction","target":{"@type":"EntryPoint","urlTemplate":"https:\/\/barista-buddy.com\/?s={search_term_string}"},"query-input":{"@type":"PropertyValueSpecification","valueRequired":true,"valueName":"search_term_string"}}],"inLanguage":"en-GB"}]}},"_links":{"self":[{"href":"https:\/\/barista-buddy.com\/en\/wp-json\/wp\/v2\/product\/441","targetHints":{"allow":["GET"]}}],"collection":[{"href":"https:\/\/barista-buddy.com\/en\/wp-json\/wp\/v2\/product"}],"about":[{"href":"https:\/\/barista-buddy.com\/en\/wp-json\/wp\/v2\/types\/product"}],"replies":[{"embeddable":true,"href":"https:\/\/barista-buddy.com\/en\/wp-json\/wp\/v2\/comments?post=441"}],"wp:featuredmedia":[{"embeddable":true,"href":"https:\/\/barista-buddy.com\/en\/wp-json\/wp\/v2\/media\/442"}],"wp:attachment":[{"href":"https:\/\/barista-buddy.com\/en\/wp-json\/wp\/v2\/media?parent=441"}],"wp:term":[{"taxonomy":"product_brand","embeddable":true,"href":"https:\/\/barista-buddy.com\/en\/wp-json\/wp\/v2\/product_brand?post=441"},{"taxonomy":"product_cat","embeddable":true,"href":"https:\/\/barista-buddy.com\/en\/wp-json\/wp\/v2\/product_cat?post=441"},{"taxonomy":"product_tag","embeddable":true,"href":"https:\/\/barista-buddy.com\/en\/wp-json\/wp\/v2\/product_tag?post=441"}],"curies":[{"name":"wp","href":"https:\/\/api.w.org\/{rel}","templated":true}]}}