{"id":532,"date":"2024-09-09T08:41:29","date_gmt":"2024-09-09T06:41:29","guid":{"rendered":"https:\/\/barista-buddy.com\/?post_type=product&#038;p=532"},"modified":"2024-09-09T08:41:43","modified_gmt":"2024-09-09T06:41:43","slug":"espressokaennchen","status":"publish","type":"product","link":"https:\/\/barista-buddy.com\/en\/produkte\/espressokaennchen\/","title":{"rendered":"Espressok\u00e4nnchen"},"content":{"rendered":"<p>Das Barista Buddy Espressok\u00e4nnchen ist das ideale Zubeh\u00f6r f\u00fcr alle Kaffeeliebhaber und Profis, die ihren Espresso mit gr\u00f6\u00dfter Pr\u00e4zision und Stil servieren m\u00f6chten. Mit einer F\u00fcllmenge von 90 ml ist dieses K\u00e4nnchen perfekt dimensioniert f\u00fcr die Zubereitung und das Abmessen von Espresso-Shots und bietet dabei ausreichend Platz f\u00fcr einen doppelten Espresso.<\/p>","protected":false},"excerpt":{"rendered":"<p>Das Barista Buddy Espressok\u00e4nnchen ist das ideale Zubeh\u00f6r f\u00fcr alle Kaffeeliebhaber und Profis, die ihren Espresso mit gr\u00f6\u00dfter Pr\u00e4zision und Stil servieren m\u00f6chten. Mit einer F\u00fcllmenge von 90 ml ist dieses K\u00e4nnchen perfekt dimensioniert f\u00fcr die Zubereitung und das Abmessen von Espresso-Shots und bietet dabei ausreichend Platz f\u00fcr einen doppelten Espresso.<\/p>","protected":false},"featured_media":533,"comment_status":"open","ping_status":"closed","template":"","meta":{"_acf_changed":false},"product_brand":[],"product_cat":[104],"product_tag":[],"class_list":{"0":"post-532","1":"product","2":"type-product","3":"status-publish","4":"has-post-thumbnail","6":"product_cat-barista","8":"first","9":"instock","10":"taxable","11":"shipping-taxable","12":"purchasable","13":"product-type-simple"},"acf":[],"yoast_head":"<!-- This site is optimized with the Yoast SEO plugin v27.4 - https:\/\/yoast.com\/product\/yoast-seo-wordpress\/ -->\n<title>Espressok\u00e4nnchen - Barista Buddy<\/title>\n<meta name=\"robots\" content=\"index, follow, max-snippet:-1, max-image-preview:large, max-video-preview:-1\" \/>\n<link rel=\"canonical\" href=\"https:\/\/barista-buddy.com\/en\/produkte\/espressokaennchen\/\" \/>\n<meta property=\"og:locale\" content=\"en_GB\" \/>\n<meta property=\"og:type\" content=\"article\" \/>\n<meta property=\"og:title\" content=\"Espressok\u00e4nnchen - Barista Buddy\" \/>\n<meta property=\"og:description\" content=\"Das Barista Buddy Espressok\u00e4nnchen ist das ideale Zubeh\u00f6r f\u00fcr alle Kaffeeliebhaber und Profis, die ihren Espresso mit gr\u00f6\u00dfter Pr\u00e4zision und Stil servieren m\u00f6chten. Mit einer F\u00fcllmenge von 90 ml ist dieses K\u00e4nnchen perfekt dimensioniert f\u00fcr die Zubereitung und das Abmessen von Espresso-Shots und bietet dabei ausreichend Platz f\u00fcr einen doppelten Espresso.\" \/>\n<meta property=\"og:url\" content=\"https:\/\/barista-buddy.com\/en\/produkte\/espressokaennchen\/\" \/>\n<meta property=\"og:site_name\" content=\"Barista Buddy\" \/>\n<meta property=\"article:modified_time\" content=\"2024-09-09T06:41:43+00:00\" \/>\n<meta property=\"og:image\" content=\"https:\/\/barista-buddy.com\/app\/uploads\/2024\/09\/barista-buddy-espresso-kaennchen.png\" \/>\n\t<meta property=\"og:image:width\" content=\"800\" \/>\n\t<meta property=\"og:image:height\" content=\"800\" \/>\n\t<meta property=\"og:image:type\" content=\"image\/png\" \/>\n<meta name=\"twitter:card\" content=\"summary_large_image\" \/>\n<meta name=\"twitter:label1\" content=\"Estimated reading time\" \/>\n\t<meta name=\"twitter:data1\" content=\"1 minute\" \/>\n<script type=\"application\/ld+json\" class=\"yoast-schema-graph\">{\"@context\":\"https:\\\/\\\/schema.org\",\"@graph\":[{\"@type\":\"WebPage\",\"@id\":\"https:\\\/\\\/barista-buddy.com\\\/produkte\\\/espressokaennchen\\\/\",\"url\":\"https:\\\/\\\/barista-buddy.com\\\/produkte\\\/espressokaennchen\\\/\",\"name\":\"Espressok\u00e4nnchen - Barista Buddy\",\"isPartOf\":{\"@id\":\"https:\\\/\\\/barista-buddy.com\\\/#website\"},\"primaryImageOfPage\":{\"@id\":\"https:\\\/\\\/barista-buddy.com\\\/produkte\\\/espressokaennchen\\\/#primaryimage\"},\"image\":{\"@id\":\"https:\\\/\\\/barista-buddy.com\\\/produkte\\\/espressokaennchen\\\/#primaryimage\"},\"thumbnailUrl\":\"https:\\\/\\\/barista-buddy.com\\\/app\\\/uploads\\\/2024\\\/09\\\/barista-buddy-espresso-kaennchen.png\",\"datePublished\":\"2024-09-09T06:41:29+00:00\",\"dateModified\":\"2024-09-09T06:41:43+00:00\",\"breadcrumb\":{\"@id\":\"https:\\\/\\\/barista-buddy.com\\\/produkte\\\/espressokaennchen\\\/#breadcrumb\"},\"inLanguage\":\"en-GB\",\"potentialAction\":[{\"@type\":\"ReadAction\",\"target\":[\"https:\\\/\\\/barista-buddy.com\\\/produkte\\\/espressokaennchen\\\/\"]}]},{\"@type\":\"ImageObject\",\"inLanguage\":\"en-GB\",\"@id\":\"https:\\\/\\\/barista-buddy.com\\\/produkte\\\/espressokaennchen\\\/#primaryimage\",\"url\":\"https:\\\/\\\/barista-buddy.com\\\/app\\\/uploads\\\/2024\\\/09\\\/barista-buddy-espresso-kaennchen.png\",\"contentUrl\":\"https:\\\/\\\/barista-buddy.com\\\/app\\\/uploads\\\/2024\\\/09\\\/barista-buddy-espresso-kaennchen.png\",\"width\":800,\"height\":800},{\"@type\":\"BreadcrumbList\",\"@id\":\"https:\\\/\\\/barista-buddy.com\\\/produkte\\\/espressokaennchen\\\/#breadcrumb\",\"itemListElement\":[{\"@type\":\"ListItem\",\"position\":1,\"name\":\"Home\",\"item\":\"https:\\\/\\\/barista-buddy.com\\\/\"},{\"@type\":\"ListItem\",\"position\":2,\"name\":\"Shop\",\"item\":\"https:\\\/\\\/barista-buddy.com\\\/shop\\\/\"},{\"@type\":\"ListItem\",\"position\":3,\"name\":\"Espressok\u00e4nnchen\"}]},{\"@type\":\"WebSite\",\"@id\":\"https:\\\/\\\/barista-buddy.com\\\/#website\",\"url\":\"https:\\\/\\\/barista-buddy.com\\\/\",\"name\":\"Barista Buddy\",\"description\":\"\",\"potentialAction\":[{\"@type\":\"SearchAction\",\"target\":{\"@type\":\"EntryPoint\",\"urlTemplate\":\"https:\\\/\\\/barista-buddy.com\\\/?s={search_term_string}\"},\"query-input\":{\"@type\":\"PropertyValueSpecification\",\"valueRequired\":true,\"valueName\":\"search_term_string\"}}],\"inLanguage\":\"en-GB\"}]}<\/script>\n<!-- \/ Yoast SEO plugin. -->","yoast_head_json":{"title":"Espressok\u00e4nnchen - Barista Buddy","robots":{"index":"index","follow":"follow","max-snippet":"max-snippet:-1","max-image-preview":"max-image-preview:large","max-video-preview":"max-video-preview:-1"},"canonical":"https:\/\/barista-buddy.com\/en\/produkte\/espressokaennchen\/","og_locale":"en_GB","og_type":"article","og_title":"Espressok\u00e4nnchen - Barista Buddy","og_description":"Das Barista Buddy Espressok\u00e4nnchen ist das ideale Zubeh\u00f6r f\u00fcr alle Kaffeeliebhaber und Profis, die ihren Espresso mit gr\u00f6\u00dfter Pr\u00e4zision und Stil servieren m\u00f6chten. Mit einer F\u00fcllmenge von 90 ml ist dieses K\u00e4nnchen perfekt dimensioniert f\u00fcr die Zubereitung und das Abmessen von Espresso-Shots und bietet dabei ausreichend Platz f\u00fcr einen doppelten Espresso.","og_url":"https:\/\/barista-buddy.com\/en\/produkte\/espressokaennchen\/","og_site_name":"Barista Buddy","article_modified_time":"2024-09-09T06:41:43+00:00","og_image":[{"width":800,"height":800,"url":"https:\/\/barista-buddy.com\/app\/uploads\/2024\/09\/barista-buddy-espresso-kaennchen.png","type":"image\/png"}],"twitter_card":"summary_large_image","twitter_misc":{"Estimated reading time":"1 minute"},"schema":{"@context":"https:\/\/schema.org","@graph":[{"@type":"WebPage","@id":"https:\/\/barista-buddy.com\/produkte\/espressokaennchen\/","url":"https:\/\/barista-buddy.com\/produkte\/espressokaennchen\/","name":"Espressok\u00e4nnchen - Barista Buddy","isPartOf":{"@id":"https:\/\/barista-buddy.com\/#website"},"primaryImageOfPage":{"@id":"https:\/\/barista-buddy.com\/produkte\/espressokaennchen\/#primaryimage"},"image":{"@id":"https:\/\/barista-buddy.com\/produkte\/espressokaennchen\/#primaryimage"},"thumbnailUrl":"https:\/\/barista-buddy.com\/app\/uploads\/2024\/09\/barista-buddy-espresso-kaennchen.png","datePublished":"2024-09-09T06:41:29+00:00","dateModified":"2024-09-09T06:41:43+00:00","breadcrumb":{"@id":"https:\/\/barista-buddy.com\/produkte\/espressokaennchen\/#breadcrumb"},"inLanguage":"en-GB","potentialAction":[{"@type":"ReadAction","target":["https:\/\/barista-buddy.com\/produkte\/espressokaennchen\/"]}]},{"@type":"ImageObject","inLanguage":"en-GB","@id":"https:\/\/barista-buddy.com\/produkte\/espressokaennchen\/#primaryimage","url":"https:\/\/barista-buddy.com\/app\/uploads\/2024\/09\/barista-buddy-espresso-kaennchen.png","contentUrl":"https:\/\/barista-buddy.com\/app\/uploads\/2024\/09\/barista-buddy-espresso-kaennchen.png","width":800,"height":800},{"@type":"BreadcrumbList","@id":"https:\/\/barista-buddy.com\/produkte\/espressokaennchen\/#breadcrumb","itemListElement":[{"@type":"ListItem","position":1,"name":"Home","item":"https:\/\/barista-buddy.com\/"},{"@type":"ListItem","position":2,"name":"Shop","item":"https:\/\/barista-buddy.com\/shop\/"},{"@type":"ListItem","position":3,"name":"Espressok\u00e4nnchen"}]},{"@type":"WebSite","@id":"https:\/\/barista-buddy.com\/#website","url":"https:\/\/barista-buddy.com\/","name":"Barista Buddy","description":"","potentialAction":[{"@type":"SearchAction","target":{"@type":"EntryPoint","urlTemplate":"https:\/\/barista-buddy.com\/?s={search_term_string}"},"query-input":{"@type":"PropertyValueSpecification","valueRequired":true,"valueName":"search_term_string"}}],"inLanguage":"en-GB"}]}},"_links":{"self":[{"href":"https:\/\/barista-buddy.com\/en\/wp-json\/wp\/v2\/product\/532","targetHints":{"allow":["GET"]}}],"collection":[{"href":"https:\/\/barista-buddy.com\/en\/wp-json\/wp\/v2\/product"}],"about":[{"href":"https:\/\/barista-buddy.com\/en\/wp-json\/wp\/v2\/types\/product"}],"replies":[{"embeddable":true,"href":"https:\/\/barista-buddy.com\/en\/wp-json\/wp\/v2\/comments?post=532"}],"wp:featuredmedia":[{"embeddable":true,"href":"https:\/\/barista-buddy.com\/en\/wp-json\/wp\/v2\/media\/533"}],"wp:attachment":[{"href":"https:\/\/barista-buddy.com\/en\/wp-json\/wp\/v2\/media?parent=532"}],"wp:term":[{"taxonomy":"product_brand","embeddable":true,"href":"https:\/\/barista-buddy.com\/en\/wp-json\/wp\/v2\/product_brand?post=532"},{"taxonomy":"product_cat","embeddable":true,"href":"https:\/\/barista-buddy.com\/en\/wp-json\/wp\/v2\/product_cat?post=532"},{"taxonomy":"product_tag","embeddable":true,"href":"https:\/\/barista-buddy.com\/en\/wp-json\/wp\/v2\/product_tag?post=532"}],"curies":[{"name":"wp","href":"https:\/\/api.w.org\/{rel}","templated":true}]}}