{"id":534,"date":"2024-09-09T09:05:07","date_gmt":"2024-09-09T07:05:07","guid":{"rendered":"https:\/\/barista-buddy.com\/?post_type=product&#038;p=534"},"modified":"2024-09-09T09:07:18","modified_gmt":"2024-09-09T07:07:18","slug":"needle-distributor","status":"publish","type":"product","link":"https:\/\/barista-buddy.com\/en\/produkte\/needle-distributor\/","title":{"rendered":"Needle Distributor"},"content":{"rendered":"<p>Das Barista Buddy Needling Tool ist ein Hilfsmittel f\u00fcr jeden Kaffeeliebhaber, der seinen Espresso auf das n\u00e4chste Level heben m\u00f6chte. Dieses hochwertige Werkzeug wurde entwickelt, um die homogene Verteilung des Kaffeemehls im Siebtr\u00e4ger zu gew\u00e4hrleisten und damit eine gleichm\u00e4\u00dfige Extraktion zu erm\u00f6glichen.<\/p>","protected":false},"excerpt":{"rendered":"<p>Das Barista Buddy Needling Tool ist ein Hilfsmittel f\u00fcr jeden Kaffeeliebhaber, der seinen Espresso auf das n\u00e4chste Level heben m\u00f6chte. Dieses hochwertige Werkzeug wurde entwickelt, um die homogene Verteilung des Kaffeemehls im Siebtr\u00e4ger zu gew\u00e4hrleisten und damit eine gleichm\u00e4\u00dfige Extraktion zu erm\u00f6glichen.<\/p>","protected":false},"featured_media":536,"comment_status":"open","ping_status":"closed","template":"","meta":{"_acf_changed":false},"product_brand":[],"product_cat":[49],"product_tag":[],"class_list":{"0":"post-534","1":"product","2":"type-product","3":"status-publish","4":"has-post-thumbnail","6":"product_cat-zubehoer","8":"first","9":"instock","10":"taxable","11":"shipping-taxable","12":"purchasable","13":"product-type-variable","14":"has-default-attributes"},"acf":[],"yoast_head":"<!-- This site is optimized with the Yoast SEO plugin v27.4 - https:\/\/yoast.com\/product\/yoast-seo-wordpress\/ -->\n<title>Needle Distributor - Barista Buddy<\/title>\n<meta name=\"robots\" content=\"index, follow, max-snippet:-1, max-image-preview:large, max-video-preview:-1\" \/>\n<link rel=\"canonical\" href=\"https:\/\/barista-buddy.com\/en\/produkte\/needle-distributor\/\" \/>\n<meta property=\"og:locale\" content=\"en_GB\" \/>\n<meta property=\"og:type\" content=\"article\" \/>\n<meta property=\"og:title\" content=\"Needle Distributor - Barista Buddy\" \/>\n<meta property=\"og:description\" content=\"Das Barista Buddy Needling Tool ist ein Hilfsmittel f\u00fcr jeden Kaffeeliebhaber, der seinen Espresso auf das n\u00e4chste Level heben m\u00f6chte. Dieses hochwertige Werkzeug wurde entwickelt, um die homogene Verteilung des Kaffeemehls im Siebtr\u00e4ger zu gew\u00e4hrleisten und damit eine gleichm\u00e4\u00dfige Extraktion zu erm\u00f6glichen.\" \/>\n<meta property=\"og:url\" content=\"https:\/\/barista-buddy.com\/en\/produkte\/needle-distributor\/\" \/>\n<meta property=\"og:site_name\" content=\"Barista Buddy\" \/>\n<meta property=\"article:modified_time\" content=\"2024-09-09T07:07:18+00:00\" \/>\n<meta property=\"og:image\" content=\"https:\/\/barista-buddy.com\/app\/uploads\/2024\/09\/barista-buddy-needling-tool-schwarz.png\" \/>\n\t<meta property=\"og:image:width\" content=\"800\" \/>\n\t<meta property=\"og:image:height\" content=\"800\" \/>\n\t<meta property=\"og:image:type\" content=\"image\/png\" \/>\n<meta name=\"twitter:card\" content=\"summary_large_image\" \/>\n<meta name=\"twitter:label1\" content=\"Estimated reading time\" \/>\n\t<meta name=\"twitter:data1\" content=\"1 minute\" \/>\n<script type=\"application\/ld+json\" class=\"yoast-schema-graph\">{\"@context\":\"https:\\\/\\\/schema.org\",\"@graph\":[{\"@type\":\"WebPage\",\"@id\":\"https:\\\/\\\/barista-buddy.com\\\/produkte\\\/needle-distributor\\\/\",\"url\":\"https:\\\/\\\/barista-buddy.com\\\/produkte\\\/needle-distributor\\\/\",\"name\":\"Needle Distributor - Barista Buddy\",\"isPartOf\":{\"@id\":\"https:\\\/\\\/barista-buddy.com\\\/#website\"},\"primaryImageOfPage\":{\"@id\":\"https:\\\/\\\/barista-buddy.com\\\/produkte\\\/needle-distributor\\\/#primaryimage\"},\"image\":{\"@id\":\"https:\\\/\\\/barista-buddy.com\\\/produkte\\\/needle-distributor\\\/#primaryimage\"},\"thumbnailUrl\":\"https:\\\/\\\/barista-buddy.com\\\/app\\\/uploads\\\/2024\\\/09\\\/barista-buddy-needling-tool-schwarz.png\",\"datePublished\":\"2024-09-09T07:05:07+00:00\",\"dateModified\":\"2024-09-09T07:07:18+00:00\",\"breadcrumb\":{\"@id\":\"https:\\\/\\\/barista-buddy.com\\\/produkte\\\/needle-distributor\\\/#breadcrumb\"},\"inLanguage\":\"en-GB\",\"potentialAction\":[{\"@type\":\"ReadAction\",\"target\":[\"https:\\\/\\\/barista-buddy.com\\\/produkte\\\/needle-distributor\\\/\"]}]},{\"@type\":\"ImageObject\",\"inLanguage\":\"en-GB\",\"@id\":\"https:\\\/\\\/barista-buddy.com\\\/produkte\\\/needle-distributor\\\/#primaryimage\",\"url\":\"https:\\\/\\\/barista-buddy.com\\\/app\\\/uploads\\\/2024\\\/09\\\/barista-buddy-needling-tool-schwarz.png\",\"contentUrl\":\"https:\\\/\\\/barista-buddy.com\\\/app\\\/uploads\\\/2024\\\/09\\\/barista-buddy-needling-tool-schwarz.png\",\"width\":800,\"height\":800},{\"@type\":\"BreadcrumbList\",\"@id\":\"https:\\\/\\\/barista-buddy.com\\\/produkte\\\/needle-distributor\\\/#breadcrumb\",\"itemListElement\":[{\"@type\":\"ListItem\",\"position\":1,\"name\":\"Home\",\"item\":\"https:\\\/\\\/barista-buddy.com\\\/\"},{\"@type\":\"ListItem\",\"position\":2,\"name\":\"Shop\",\"item\":\"https:\\\/\\\/barista-buddy.com\\\/shop\\\/\"},{\"@type\":\"ListItem\",\"position\":3,\"name\":\"Needle Distributor\"}]},{\"@type\":\"WebSite\",\"@id\":\"https:\\\/\\\/barista-buddy.com\\\/#website\",\"url\":\"https:\\\/\\\/barista-buddy.com\\\/\",\"name\":\"Barista Buddy\",\"description\":\"\",\"potentialAction\":[{\"@type\":\"SearchAction\",\"target\":{\"@type\":\"EntryPoint\",\"urlTemplate\":\"https:\\\/\\\/barista-buddy.com\\\/?s={search_term_string}\"},\"query-input\":{\"@type\":\"PropertyValueSpecification\",\"valueRequired\":true,\"valueName\":\"search_term_string\"}}],\"inLanguage\":\"en-GB\"}]}<\/script>\n<!-- \/ Yoast SEO plugin. -->","yoast_head_json":{"title":"Needle Distributor - Barista Buddy","robots":{"index":"index","follow":"follow","max-snippet":"max-snippet:-1","max-image-preview":"max-image-preview:large","max-video-preview":"max-video-preview:-1"},"canonical":"https:\/\/barista-buddy.com\/en\/produkte\/needle-distributor\/","og_locale":"en_GB","og_type":"article","og_title":"Needle Distributor - Barista Buddy","og_description":"Das Barista Buddy Needling Tool ist ein Hilfsmittel f\u00fcr jeden Kaffeeliebhaber, der seinen Espresso auf das n\u00e4chste Level heben m\u00f6chte. Dieses hochwertige Werkzeug wurde entwickelt, um die homogene Verteilung des Kaffeemehls im Siebtr\u00e4ger zu gew\u00e4hrleisten und damit eine gleichm\u00e4\u00dfige Extraktion zu erm\u00f6glichen.","og_url":"https:\/\/barista-buddy.com\/en\/produkte\/needle-distributor\/","og_site_name":"Barista Buddy","article_modified_time":"2024-09-09T07:07:18+00:00","og_image":[{"width":800,"height":800,"url":"https:\/\/barista-buddy.com\/app\/uploads\/2024\/09\/barista-buddy-needling-tool-schwarz.png","type":"image\/png"}],"twitter_card":"summary_large_image","twitter_misc":{"Estimated reading time":"1 minute"},"schema":{"@context":"https:\/\/schema.org","@graph":[{"@type":"WebPage","@id":"https:\/\/barista-buddy.com\/produkte\/needle-distributor\/","url":"https:\/\/barista-buddy.com\/produkte\/needle-distributor\/","name":"Needle Distributor - Barista Buddy","isPartOf":{"@id":"https:\/\/barista-buddy.com\/#website"},"primaryImageOfPage":{"@id":"https:\/\/barista-buddy.com\/produkte\/needle-distributor\/#primaryimage"},"image":{"@id":"https:\/\/barista-buddy.com\/produkte\/needle-distributor\/#primaryimage"},"thumbnailUrl":"https:\/\/barista-buddy.com\/app\/uploads\/2024\/09\/barista-buddy-needling-tool-schwarz.png","datePublished":"2024-09-09T07:05:07+00:00","dateModified":"2024-09-09T07:07:18+00:00","breadcrumb":{"@id":"https:\/\/barista-buddy.com\/produkte\/needle-distributor\/#breadcrumb"},"inLanguage":"en-GB","potentialAction":[{"@type":"ReadAction","target":["https:\/\/barista-buddy.com\/produkte\/needle-distributor\/"]}]},{"@type":"ImageObject","inLanguage":"en-GB","@id":"https:\/\/barista-buddy.com\/produkte\/needle-distributor\/#primaryimage","url":"https:\/\/barista-buddy.com\/app\/uploads\/2024\/09\/barista-buddy-needling-tool-schwarz.png","contentUrl":"https:\/\/barista-buddy.com\/app\/uploads\/2024\/09\/barista-buddy-needling-tool-schwarz.png","width":800,"height":800},{"@type":"BreadcrumbList","@id":"https:\/\/barista-buddy.com\/produkte\/needle-distributor\/#breadcrumb","itemListElement":[{"@type":"ListItem","position":1,"name":"Home","item":"https:\/\/barista-buddy.com\/"},{"@type":"ListItem","position":2,"name":"Shop","item":"https:\/\/barista-buddy.com\/shop\/"},{"@type":"ListItem","position":3,"name":"Needle Distributor"}]},{"@type":"WebSite","@id":"https:\/\/barista-buddy.com\/#website","url":"https:\/\/barista-buddy.com\/","name":"Barista Buddy","description":"","potentialAction":[{"@type":"SearchAction","target":{"@type":"EntryPoint","urlTemplate":"https:\/\/barista-buddy.com\/?s={search_term_string}"},"query-input":{"@type":"PropertyValueSpecification","valueRequired":true,"valueName":"search_term_string"}}],"inLanguage":"en-GB"}]}},"_links":{"self":[{"href":"https:\/\/barista-buddy.com\/en\/wp-json\/wp\/v2\/product\/534","targetHints":{"allow":["GET"]}}],"collection":[{"href":"https:\/\/barista-buddy.com\/en\/wp-json\/wp\/v2\/product"}],"about":[{"href":"https:\/\/barista-buddy.com\/en\/wp-json\/wp\/v2\/types\/product"}],"replies":[{"embeddable":true,"href":"https:\/\/barista-buddy.com\/en\/wp-json\/wp\/v2\/comments?post=534"}],"wp:featuredmedia":[{"embeddable":true,"href":"https:\/\/barista-buddy.com\/en\/wp-json\/wp\/v2\/media\/536"}],"wp:attachment":[{"href":"https:\/\/barista-buddy.com\/en\/wp-json\/wp\/v2\/media?parent=534"}],"wp:term":[{"taxonomy":"product_brand","embeddable":true,"href":"https:\/\/barista-buddy.com\/en\/wp-json\/wp\/v2\/product_brand?post=534"},{"taxonomy":"product_cat","embeddable":true,"href":"https:\/\/barista-buddy.com\/en\/wp-json\/wp\/v2\/product_cat?post=534"},{"taxonomy":"product_tag","embeddable":true,"href":"https:\/\/barista-buddy.com\/en\/wp-json\/wp\/v2\/product_tag?post=534"}],"curies":[{"name":"wp","href":"https:\/\/api.w.org\/{rel}","templated":true}]}}