{"id":86,"date":"2023-01-25T14:39:27","date_gmt":"2023-01-25T13:39:27","guid":{"rendered":"https:\/\/barista-buddy.com\/?post_type=product&#038;p=86"},"modified":"2024-07-09T15:00:06","modified_gmt":"2024-07-09T13:00:06","slug":"french-press","status":"publish","type":"product","link":"https:\/\/barista-buddy.com\/en\/produkte\/french-press\/","title":{"rendered":"French Press"},"content":{"rendered":"<p>Unsere French-Press ist aus rostfreiem Edelstahl und b\u00fcrgt damit f\u00fcr eine lange Lebensdauer. Durch die etwas dickere Verarbeitung bleibt Ihr Kaffee l\u00e4nger warm als in handels\u00fcblichen Kaffeebereitern! Selbstverst\u00e4ndlich ist unsere French-Press Sp\u00fclmaschinen geeignet und Lebensmittelecht!<br \/>\nPerfekt f\u00fcr den Einsatz in Kaffeebars oder im Privatgebrauch.<\/p>","protected":false},"excerpt":{"rendered":"<p>Unsere French-Press ist aus rostfreiem Edelstahl und b\u00fcrgt damit f\u00fcr eine lange Lebensdauer. Durch die etwas dickere Verarbeitung bleibt Ihr Kaffee l\u00e4nger warm als in handels\u00fcblichen Kaffeebereitern! Selbstverst\u00e4ndlich ist unsere French-Press Sp\u00fclmaschinen geeignet und Lebensmittelecht! Perfekt f\u00fcr den Einsatz in Kaffeebars oder im Privatgebrauch.<\/p>","protected":false},"featured_media":142,"comment_status":"open","ping_status":"closed","template":"","meta":{"_acf_changed":false},"product_brand":[],"product_cat":[49],"product_tag":[],"class_list":{"0":"post-86","1":"product","2":"type-product","3":"status-publish","4":"has-post-thumbnail","6":"product_cat-zubehoer","8":"first","9":"instock","10":"taxable","11":"shipping-taxable","12":"purchasable","13":"product-type-variable","14":"has-default-attributes"},"acf":[],"yoast_head":"<!-- This site is optimized with the Yoast SEO plugin v27.4 - https:\/\/yoast.com\/product\/yoast-seo-wordpress\/ -->\n<title>French Press - Barista Buddy<\/title>\n<meta name=\"robots\" content=\"index, follow, max-snippet:-1, max-image-preview:large, max-video-preview:-1\" \/>\n<link rel=\"canonical\" href=\"https:\/\/barista-buddy.com\/en\/produkte\/french-press\/\" \/>\n<meta property=\"og:locale\" content=\"en_GB\" \/>\n<meta property=\"og:type\" content=\"article\" \/>\n<meta property=\"og:title\" content=\"French Press - Barista Buddy\" \/>\n<meta property=\"og:description\" content=\"Unsere French-Press ist aus rostfreiem Edelstahl und b\u00fcrgt damit f\u00fcr eine lange Lebensdauer. Durch die etwas dickere Verarbeitung bleibt Ihr Kaffee l\u00e4nger warm als in handels\u00fcblichen Kaffeebereitern! Selbstverst\u00e4ndlich ist unsere French-Press Sp\u00fclmaschinen geeignet und Lebensmittelecht! Perfekt f\u00fcr den Einsatz in Kaffeebars oder im Privatgebrauch.\" \/>\n<meta property=\"og:url\" content=\"https:\/\/barista-buddy.com\/en\/produkte\/french-press\/\" \/>\n<meta property=\"og:site_name\" content=\"Barista Buddy\" \/>\n<meta property=\"article:modified_time\" content=\"2024-07-09T13:00:06+00:00\" \/>\n<meta property=\"og:image\" content=\"https:\/\/barista-buddy.com\/app\/uploads\/2023\/01\/4.jpg\" \/>\n\t<meta property=\"og:image:width\" content=\"1600\" \/>\n\t<meta property=\"og:image:height\" content=\"1600\" \/>\n\t<meta property=\"og:image:type\" content=\"image\/jpeg\" \/>\n<meta name=\"twitter:card\" content=\"summary_large_image\" \/>\n<meta name=\"twitter:label1\" content=\"Estimated reading time\" \/>\n\t<meta name=\"twitter:data1\" content=\"1 minute\" \/>\n<script type=\"application\/ld+json\" class=\"yoast-schema-graph\">{\"@context\":\"https:\\\/\\\/schema.org\",\"@graph\":[{\"@type\":\"WebPage\",\"@id\":\"https:\\\/\\\/barista-buddy.com\\\/produkte\\\/french-press\\\/\",\"url\":\"https:\\\/\\\/barista-buddy.com\\\/produkte\\\/french-press\\\/\",\"name\":\"French Press - Barista Buddy\",\"isPartOf\":{\"@id\":\"https:\\\/\\\/barista-buddy.com\\\/#website\"},\"primaryImageOfPage\":{\"@id\":\"https:\\\/\\\/barista-buddy.com\\\/produkte\\\/french-press\\\/#primaryimage\"},\"image\":{\"@id\":\"https:\\\/\\\/barista-buddy.com\\\/produkte\\\/french-press\\\/#primaryimage\"},\"thumbnailUrl\":\"https:\\\/\\\/barista-buddy.com\\\/app\\\/uploads\\\/2023\\\/01\\\/4.jpg\",\"datePublished\":\"2023-01-25T13:39:27+00:00\",\"dateModified\":\"2024-07-09T13:00:06+00:00\",\"breadcrumb\":{\"@id\":\"https:\\\/\\\/barista-buddy.com\\\/produkte\\\/french-press\\\/#breadcrumb\"},\"inLanguage\":\"en-GB\",\"potentialAction\":[{\"@type\":\"ReadAction\",\"target\":[\"https:\\\/\\\/barista-buddy.com\\\/produkte\\\/french-press\\\/\"]}]},{\"@type\":\"ImageObject\",\"inLanguage\":\"en-GB\",\"@id\":\"https:\\\/\\\/barista-buddy.com\\\/produkte\\\/french-press\\\/#primaryimage\",\"url\":\"https:\\\/\\\/barista-buddy.com\\\/app\\\/uploads\\\/2023\\\/01\\\/4.jpg\",\"contentUrl\":\"https:\\\/\\\/barista-buddy.com\\\/app\\\/uploads\\\/2023\\\/01\\\/4.jpg\",\"width\":1600,\"height\":1600},{\"@type\":\"BreadcrumbList\",\"@id\":\"https:\\\/\\\/barista-buddy.com\\\/produkte\\\/french-press\\\/#breadcrumb\",\"itemListElement\":[{\"@type\":\"ListItem\",\"position\":1,\"name\":\"Home\",\"item\":\"https:\\\/\\\/barista-buddy.com\\\/\"},{\"@type\":\"ListItem\",\"position\":2,\"name\":\"Shop\",\"item\":\"https:\\\/\\\/barista-buddy.com\\\/shop\\\/\"},{\"@type\":\"ListItem\",\"position\":3,\"name\":\"French Press\"}]},{\"@type\":\"WebSite\",\"@id\":\"https:\\\/\\\/barista-buddy.com\\\/#website\",\"url\":\"https:\\\/\\\/barista-buddy.com\\\/\",\"name\":\"Barista Buddy\",\"description\":\"\",\"potentialAction\":[{\"@type\":\"SearchAction\",\"target\":{\"@type\":\"EntryPoint\",\"urlTemplate\":\"https:\\\/\\\/barista-buddy.com\\\/?s={search_term_string}\"},\"query-input\":{\"@type\":\"PropertyValueSpecification\",\"valueRequired\":true,\"valueName\":\"search_term_string\"}}],\"inLanguage\":\"en-GB\"}]}<\/script>\n<!-- \/ Yoast SEO plugin. -->","yoast_head_json":{"title":"French Press - Barista Buddy","robots":{"index":"index","follow":"follow","max-snippet":"max-snippet:-1","max-image-preview":"max-image-preview:large","max-video-preview":"max-video-preview:-1"},"canonical":"https:\/\/barista-buddy.com\/en\/produkte\/french-press\/","og_locale":"en_GB","og_type":"article","og_title":"French Press - Barista Buddy","og_description":"Unsere French-Press ist aus rostfreiem Edelstahl und b\u00fcrgt damit f\u00fcr eine lange Lebensdauer. Durch die etwas dickere Verarbeitung bleibt Ihr Kaffee l\u00e4nger warm als in handels\u00fcblichen Kaffeebereitern! Selbstverst\u00e4ndlich ist unsere French-Press Sp\u00fclmaschinen geeignet und Lebensmittelecht! Perfekt f\u00fcr den Einsatz in Kaffeebars oder im Privatgebrauch.","og_url":"https:\/\/barista-buddy.com\/en\/produkte\/french-press\/","og_site_name":"Barista Buddy","article_modified_time":"2024-07-09T13:00:06+00:00","og_image":[{"width":1600,"height":1600,"url":"https:\/\/barista-buddy.com\/app\/uploads\/2023\/01\/4.jpg","type":"image\/jpeg"}],"twitter_card":"summary_large_image","twitter_misc":{"Estimated reading time":"1 minute"},"schema":{"@context":"https:\/\/schema.org","@graph":[{"@type":"WebPage","@id":"https:\/\/barista-buddy.com\/produkte\/french-press\/","url":"https:\/\/barista-buddy.com\/produkte\/french-press\/","name":"French Press - Barista Buddy","isPartOf":{"@id":"https:\/\/barista-buddy.com\/#website"},"primaryImageOfPage":{"@id":"https:\/\/barista-buddy.com\/produkte\/french-press\/#primaryimage"},"image":{"@id":"https:\/\/barista-buddy.com\/produkte\/french-press\/#primaryimage"},"thumbnailUrl":"https:\/\/barista-buddy.com\/app\/uploads\/2023\/01\/4.jpg","datePublished":"2023-01-25T13:39:27+00:00","dateModified":"2024-07-09T13:00:06+00:00","breadcrumb":{"@id":"https:\/\/barista-buddy.com\/produkte\/french-press\/#breadcrumb"},"inLanguage":"en-GB","potentialAction":[{"@type":"ReadAction","target":["https:\/\/barista-buddy.com\/produkte\/french-press\/"]}]},{"@type":"ImageObject","inLanguage":"en-GB","@id":"https:\/\/barista-buddy.com\/produkte\/french-press\/#primaryimage","url":"https:\/\/barista-buddy.com\/app\/uploads\/2023\/01\/4.jpg","contentUrl":"https:\/\/barista-buddy.com\/app\/uploads\/2023\/01\/4.jpg","width":1600,"height":1600},{"@type":"BreadcrumbList","@id":"https:\/\/barista-buddy.com\/produkte\/french-press\/#breadcrumb","itemListElement":[{"@type":"ListItem","position":1,"name":"Home","item":"https:\/\/barista-buddy.com\/"},{"@type":"ListItem","position":2,"name":"Shop","item":"https:\/\/barista-buddy.com\/shop\/"},{"@type":"ListItem","position":3,"name":"French Press"}]},{"@type":"WebSite","@id":"https:\/\/barista-buddy.com\/#website","url":"https:\/\/barista-buddy.com\/","name":"Barista Buddy","description":"","potentialAction":[{"@type":"SearchAction","target":{"@type":"EntryPoint","urlTemplate":"https:\/\/barista-buddy.com\/?s={search_term_string}"},"query-input":{"@type":"PropertyValueSpecification","valueRequired":true,"valueName":"search_term_string"}}],"inLanguage":"en-GB"}]}},"_links":{"self":[{"href":"https:\/\/barista-buddy.com\/en\/wp-json\/wp\/v2\/product\/86","targetHints":{"allow":["GET"]}}],"collection":[{"href":"https:\/\/barista-buddy.com\/en\/wp-json\/wp\/v2\/product"}],"about":[{"href":"https:\/\/barista-buddy.com\/en\/wp-json\/wp\/v2\/types\/product"}],"replies":[{"embeddable":true,"href":"https:\/\/barista-buddy.com\/en\/wp-json\/wp\/v2\/comments?post=86"}],"wp:featuredmedia":[{"embeddable":true,"href":"https:\/\/barista-buddy.com\/en\/wp-json\/wp\/v2\/media\/142"}],"wp:attachment":[{"href":"https:\/\/barista-buddy.com\/en\/wp-json\/wp\/v2\/media?parent=86"}],"wp:term":[{"taxonomy":"product_brand","embeddable":true,"href":"https:\/\/barista-buddy.com\/en\/wp-json\/wp\/v2\/product_brand?post=86"},{"taxonomy":"product_cat","embeddable":true,"href":"https:\/\/barista-buddy.com\/en\/wp-json\/wp\/v2\/product_cat?post=86"},{"taxonomy":"product_tag","embeddable":true,"href":"https:\/\/barista-buddy.com\/en\/wp-json\/wp\/v2\/product_tag?post=86"}],"curies":[{"name":"wp","href":"https:\/\/api.w.org\/{rel}","templated":true}]}}